{"id":328,"date":"2022-04-05T15:00:44","date_gmt":"2022-04-05T15:00:44","guid":{"rendered":"https:\/\/janz-gesund.com\/?page_id=328"},"modified":"2022-04-05T15:08:23","modified_gmt":"2022-04-05T15:08:23","slug":"flipchartgestaltung","status":"publish","type":"page","link":"https:\/\/janz-gesund.com\/?page_id=328","title":{"rendered":"Flipchartgestaltung"},"content":{"rendered":"\t\t<div data-elementor-type=\"wp-page\" data-elementor-id=\"328\" class=\"elementor elementor-328\">\n\t\t\t\t\t\t\t\t\t<section class=\"elementor-section elementor-top-section elementor-element elementor-element-5f427966 elementor-section-height-min-height elementor-section-boxed elementor-section-height-default elementor-section-items-middle\" data-id=\"5f427966\" data-element_type=\"section\" data-settings=\"{&quot;background_background&quot;:&quot;classic&quot;}\">\n\t\t\t\t\t\t\t<div class=\"elementor-background-overlay\"><\/div>\n\t\t\t\t\t\t\t<div class=\"elementor-container elementor-column-gap-default\">\n\t\t\t\t\t<div class=\"elementor-column elementor-col-100 elementor-top-column elementor-element elementor-element-4151b6fe\" data-id=\"4151b6fe\" data-element_type=\"column\">\n\t\t\t<div class=\"elementor-widget-wrap elementor-element-populated\">\n\t\t\t\t\t\t\t\t<div class=\"elementor-element elementor-element-3a85c450 elementor-widget elementor-widget-heading\" data-id=\"3a85c450\" data-element_type=\"widget\" data-widget_type=\"heading.default\">\n\t\t\t\t<div class=\"elementor-widget-container\">\n\t\t\t<style>\/*! elementor - v3.6.1 - 23-03-2022 *\/\n.elementor-heading-title{padding:0;margin:0;line-height:1}.elementor-widget-heading .elementor-heading-title[class*=elementor-size-]>a{color:inherit;font-size:inherit;line-height:inherit}.elementor-widget-heading .elementor-heading-title.elementor-size-small{font-size:15px}.elementor-widget-heading .elementor-heading-title.elementor-size-medium{font-size:19px}.elementor-widget-heading .elementor-heading-title.elementor-size-large{font-size:29px}.elementor-widget-heading .elementor-heading-title.elementor-size-xl{font-size:39px}.elementor-widget-heading .elementor-heading-title.elementor-size-xxl{font-size:59px}<\/style><h1 class=\"elementor-heading-title elementor-size-default\">Flipchartgestaltung<\/h1>\t\t<\/div>\n\t\t\t\t<\/div>\n\t\t\t\t\t<\/div>\n\t\t<\/div>\n\t\t\t\t\t\t\t<\/div>\n\t\t<\/section>\n\t\t\t\t<section class=\"elementor-section elementor-top-section elementor-element elementor-element-94d20d5 elementor-section-boxed elementor-section-height-default elementor-section-height-default\" data-id=\"94d20d5\" data-element_type=\"section\">\n\t\t\t\t\t\t<div class=\"elementor-container elementor-column-gap-default\">\n\t\t\t\t\t<div class=\"elementor-column elementor-col-50 elementor-top-column elementor-element elementor-element-41429fb\" data-id=\"41429fb\" data-element_type=\"column\">\n\t\t\t<div class=\"elementor-widget-wrap elementor-element-populated\">\n\t\t\t\t\t\t\t\t<div class=\"elementor-element elementor-element-46f8192 elementor-widget elementor-widget-image\" data-id=\"46f8192\" data-element_type=\"widget\" data-widget_type=\"image.default\">\n\t\t\t\t<div class=\"elementor-widget-container\">\n\t\t\t<style>\/*! elementor - v3.6.1 - 23-03-2022 *\/\n.elementor-widget-image{text-align:center}.elementor-widget-image a{display:inline-block}.elementor-widget-image a img[src$=\".svg\"]{width:48px}.elementor-widget-image img{vertical-align:middle;display:inline-block}<\/style>\t\t\t\t\t\t\t\t\t\t\t\t<img loading=\"lazy\" decoding=\"async\" width=\"711\" height=\"1000\" src=\"https:\/\/janz-gesund.com\/wp-content\/uploads\/2022\/04\/713be8ba-c68b-48a8-aa62-dfe775844658-e1648840532329.jpg\" class=\"attachment-full size-full\" alt=\"\" \/>\t\t\t\t\t\t\t\t\t\t\t\t\t\t\t<\/div>\n\t\t\t\t<\/div>\n\t\t\t\t\t<\/div>\n\t\t<\/div>\n\t\t\t\t<div class=\"elementor-column elementor-col-50 elementor-top-column elementor-element elementor-element-99b2826\" data-id=\"99b2826\" data-element_type=\"column\">\n\t\t\t<div class=\"elementor-widget-wrap elementor-element-populated\">\n\t\t\t\t\t\t\t\t<div class=\"elementor-element elementor-element-c3cfa89 elementor-widget elementor-widget-heading\" data-id=\"c3cfa89\" data-element_type=\"widget\" data-widget_type=\"heading.default\">\n\t\t\t\t<div class=\"elementor-widget-container\">\n\t\t\t<h4 class=\"elementor-heading-title elementor-size-default\">wie Du spielend einfach tolle Visualisierungen erstellen kannst<\/h4>\t\t<\/div>\n\t\t\t\t<\/div>\n\t\t\t\t<div class=\"elementor-element elementor-element-748edc0 elementor-widget elementor-widget-text-editor\" data-id=\"748edc0\" data-element_type=\"widget\" data-widget_type=\"text-editor.default\">\n\t\t\t\t<div class=\"elementor-widget-container\">\n\t\t\t<style>\/*! elementor - v3.6.1 - 23-03-2022 *\/\n.elementor-widget-text-editor.elementor-drop-cap-view-stacked .elementor-drop-cap{background-color:#818a91;color:#fff}.elementor-widget-text-editor.elementor-drop-cap-view-framed .elementor-drop-cap{color:#818a91;border:3px solid;background-color:transparent}.elementor-widget-text-editor:not(.elementor-drop-cap-view-default) .elementor-drop-cap{margin-top:8px}.elementor-widget-text-editor:not(.elementor-drop-cap-view-default) .elementor-drop-cap-letter{width:1em;height:1em}.elementor-widget-text-editor .elementor-drop-cap{float:left;text-align:center;line-height:1;font-size:50px}.elementor-widget-text-editor .elementor-drop-cap-letter{display:inline-block}<\/style>\t\t\t\t<p>Das Flipchart ist das schnellste und praktischste Pr\u00e4sentationsmedium und ihm sollte viel mehr Aufmerksamkeit gewidmet werden.<\/p><p>Durch die Arbeit am Flipchart hast Du die M\u00f6glichkeit, dass Deine Teilnehmer*innen aktiv beim Erstellen des Flipcharts dabei sind, dies live verfolgen k\u00f6nnen und es hilft Dir zus\u00e4tzlich bei der Interaktion mit den Teilnehmenden. Dadurch f\u00fchlen sich Deine Teilnehmer*innen direkt wertgesch\u00e4tzt.<\/p><p>Zudem erlauben Flipcharts mehr Spontaneit\u00e4t, da Du in Deinem Vortrag damit auch schnell etwas einbauen k\u00f6nnen, was nicht schon vorbereitet war. Das wiederum erh\u00f6ht die Aufmerksamkeit und auch den Erinnerungswert des dort Geh\u00f6rten und Gesehenen.<\/p><p>Genau aus diesem Grund ist es wichtig, dass Du mit dem Medium Flipchart souver\u00e4n umgehen kannst:<\/p><ul><li>Was ist das richtige Equipment zum Gestalten von Flipcharts?<\/li><li>Wie setze ich dieses gekonnt ein, um ein aussagekr\u00e4ftiges Flipchart zu kreieren?<\/li><li>Worauf achte ich bei der Gesamtkomposition auf dem Flipchart?<\/li><li>Was gilt es bei der Erstellung von Flipcharts zu beachten, damit diese aus der Entfernung wirken?<\/li><li>Wie gehe ich richtig mit dem Flipchart um?<\/li><li>Wie kann ich meine Zuh\u00f6rer oder Teilnehmer*innen mit dem ein oder anderen \u201eWow!\u201c-Effekt fesseln?<\/li><\/ul><p>Diese und viele weitere Fragen behandle ich mit Dir zusammen in diesem Training. Ich gebe Dir viele n\u00fctzliche Tipps und Tricks mit auf den Weg, sodass Du selbst professionelle und eindrucksvolle Pr\u00e4sentationen mit dem Flipchart halten kannst.<\/p><p>Du musst nicht k\u00fcnstlerisch begabt sein oder zeichnen k\u00f6nnen, um tolle Flipcharts zu erstellen.<\/p><p>\u00a0<\/p>\t\t\t\t\t\t<\/div>\n\t\t\t\t<\/div>\n\t\t\t\t<div class=\"elementor-element elementor-element-00282e4 elementor-widget elementor-widget-button\" data-id=\"00282e4\" data-element_type=\"widget\" data-widget_type=\"button.default\">\n\t\t\t\t<div class=\"elementor-widget-container\">\n\t\t\t\t\t<div class=\"elementor-button-wrapper\">\n\t\t\t<a href=\"#\" class=\"elementor-button-link elementor-button elementor-size-sm\" role=\"button\">\n\t\t\t\t\t\t<span class=\"elementor-button-content-wrapper\">\n\t\t\t\t\t\t<span class=\"elementor-button-text\">mehr visualisieren<\/span>\n\t\t<\/span>\n\t\t\t\t\t<\/a>\n\t\t<\/div>\n\t\t\t\t<\/div>\n\t\t\t\t<\/div>\n\t\t\t\t\t<\/div>\n\t\t<\/div>\n\t\t\t\t\t\t\t<\/div>\n\t\t<\/section>\n\t\t\t\t<section class=\"elementor-section elementor-top-section elementor-element elementor-element-e8e68ee elementor-section-boxed elementor-section-height-default elementor-section-height-default\" data-id=\"e8e68ee\" data-element_type=\"section\" data-settings=\"{&quot;background_background&quot;:&quot;classic&quot;}\">\n\t\t\t\t\t\t<div class=\"elementor-container elementor-column-gap-default\">\n\t\t\t\t\t<div class=\"elementor-column elementor-col-50 elementor-top-column elementor-element elementor-element-8b1e35e\" data-id=\"8b1e35e\" data-element_type=\"column\">\n\t\t\t<div class=\"elementor-widget-wrap elementor-element-populated\">\n\t\t\t\t\t\t\t\t<div class=\"elementor-element elementor-element-ab83ea1 elementor-widget elementor-widget-heading\" data-id=\"ab83ea1\" data-element_type=\"widget\" data-widget_type=\"heading.default\">\n\t\t\t\t<div class=\"elementor-widget-container\">\n\t\t\t<h4 class=\"elementor-heading-title elementor-size-default\">Warum Janz Gesund<\/h4>\t\t<\/div>\n\t\t\t\t<\/div>\n\t\t\t\t<div class=\"elementor-element elementor-element-f036971 elementor-widget elementor-widget-text-editor\" data-id=\"f036971\" data-element_type=\"widget\" data-widget_type=\"text-editor.default\">\n\t\t\t\t<div class=\"elementor-widget-container\">\n\t\t\t\t\t\t\t<p>Die Trainings sind interaktiv und modular aufgebaut. Du lernst gehirngerecht durch viele Interaktionen, sodass Du selbst viel ausprobieren und somit m\u00f6glichst viel in Erinnerung behalten kannst. Zusammen mit mir und den Teilnehmer*innen erarbeiten wir Themen und interagieren in der Gruppe. Dich erwarten interaktive \u00dcbungen aus der Praxis, interessante Inputs durch mich als Trainerin, Einzel- und Gruppenarbeiten, Diskussionen, ein toller Erfahrungsaustausch, sowie die Anwendung des Erlernten abgestimmt auf Deine eigene Situation.<\/p><p>\u00a0<\/p><ul><li>e-Training<\/li><li>Moderation<\/li><li>Trainerinput<\/li><li>Gruppen\/Kleingruppen und Einzelarbeit<\/li><li>Rollenspiele<\/li><li>Praxis\u00fcbungen\/Fallbeispiele<\/li><li>professionelles Feedback<\/li><li>Diskussionen<\/li><li>Interaktive Methoden<\/li><li>Begeisterung<\/li><li>Leidenschaft<\/li><li>Spa\u00df<\/li><\/ul>\t\t\t\t\t\t<\/div>\n\t\t\t\t<\/div>\n\t\t\t\t\t<\/div>\n\t\t<\/div>\n\t\t\t\t<div class=\"elementor-column elementor-col-50 elementor-top-column elementor-element elementor-element-eae7e22\" data-id=\"eae7e22\" data-element_type=\"column\">\n\t\t\t<div class=\"elementor-widget-wrap elementor-element-populated\">\n\t\t\t\t\t\t\t\t<section class=\"elementor-section elementor-inner-section elementor-element elementor-element-70f7cd0 elementor-hidden-tablet elementor-hidden-mobile elementor-section-content-middle elementor-section-boxed elementor-section-height-default elementor-section-height-default\" data-id=\"70f7cd0\" data-element_type=\"section\">\n\t\t\t\t\t\t<div class=\"elementor-container elementor-column-gap-default\">\n\t\t\t\t\t<div class=\"elementor-column elementor-col-50 elementor-inner-column elementor-element elementor-element-9ef0f48\" data-id=\"9ef0f48\" data-element_type=\"column\">\n\t\t\t<div class=\"elementor-widget-wrap elementor-element-populated\">\n\t\t\t\t\t\t\t\t<div class=\"elementor-element elementor-element-a91717c elementor-view-stacked elementor-vertical-align-bottom elementor-position-top elementor-shape-circle elementor-mobile-position-top elementor-widget elementor-widget-icon-box\" data-id=\"a91717c\" data-element_type=\"widget\" data-widget_type=\"icon-box.default\">\n\t\t\t\t<div class=\"elementor-widget-container\">\n\t\t\t<link rel=\"stylesheet\" href=\"https:\/\/janz-gesund.com\/wp-content\/plugins\/elementor\/assets\/css\/widget-icon-box.min.css\">\t\t<div class=\"elementor-icon-box-wrapper\">\n\t\t\t\t\t\t<div class=\"elementor-icon-box-icon\">\n\t\t\t\t<span class=\"elementor-icon elementor-animation-\" >\n\t\t\t\t<i aria-hidden=\"true\" class=\"fas fa-award\"><\/i>\t\t\t\t<\/span>\n\t\t\t<\/div>\n\t\t\t\t\t\t<div class=\"elementor-icon-box-content\">\n\t\t\t\t<h4 class=\"elementor-icon-box-title\">\n\t\t\t\t\t<span  >\n\t\t\t\t\t\tAusbildung bei der IHK\t\t\t\t\t<\/span>\n\t\t\t\t<\/h4>\n\t\t\t\t\t\t\t\t\t<p class=\"elementor-icon-box-description\">\n\t\t\t\t\t\tBei jedem Training sicherst du Dir sowohl eine zuverl\u00e4ssige und professionelle Planung, als auch eine Umsetzung von A bis Z nach den Standards der IHK.\t\t\t\t\t<\/p>\n\t\t\t\t\t\t\t<\/div>\n\t\t<\/div>\n\t\t\t\t<\/div>\n\t\t\t\t<\/div>\n\t\t\t\t\t<\/div>\n\t\t<\/div>\n\t\t\t\t<div class=\"elementor-column elementor-col-50 elementor-inner-column elementor-element elementor-element-173673a\" data-id=\"173673a\" data-element_type=\"column\">\n\t\t\t<div class=\"elementor-widget-wrap elementor-element-populated\">\n\t\t\t\t\t\t\t\t<div class=\"elementor-element elementor-element-fc650c4 elementor-view-stacked elementor-vertical-align-bottom elementor-shape-circle elementor-mobile-position-top elementor-widget elementor-widget-icon-box\" data-id=\"fc650c4\" data-element_type=\"widget\" data-widget_type=\"icon-box.default\">\n\t\t\t\t<div class=\"elementor-widget-container\">\n\t\t\t\t\t<div class=\"elementor-icon-box-wrapper\">\n\t\t\t\t\t\t<div class=\"elementor-icon-box-icon\">\n\t\t\t\t<span class=\"elementor-icon elementor-animation-\" >\n\t\t\t\t<i aria-hidden=\"true\" class=\"fas fa-star\"><\/i>\t\t\t\t<\/span>\n\t\t\t<\/div>\n\t\t\t\t\t\t<div class=\"elementor-icon-box-content\">\n\t\t\t\t<h3 class=\"elementor-icon-box-title\">\n\t\t\t\t\t<span  >\n\t\t\t\t\t\tErprobte Konzepte\t\t\t\t\t<\/span>\n\t\t\t\t<\/h3>\n\t\t\t\t\t\t\t\t\t<p class=\"elementor-icon-box-description\">\n\t\t\t\t\t\tDu profitierst von erprobten Trainingskonzepten, die bereits f\u00fcr viele Menschen punktgenau umgesetzt wurden.\n\n\n\t\t\t\t\t<\/p>\n\t\t\t\t\t\t\t<\/div>\n\t\t<\/div>\n\t\t\t\t<\/div>\n\t\t\t\t<\/div>\n\t\t\t\t\t<\/div>\n\t\t<\/div>\n\t\t\t\t\t\t\t<\/div>\n\t\t<\/section>\n\t\t\t\t<section class=\"elementor-section elementor-inner-section elementor-element elementor-element-8197161 elementor-section-content-middle elementor-hidden-tablet elementor-hidden-mobile elementor-section-boxed elementor-section-height-default elementor-section-height-default\" data-id=\"8197161\" data-element_type=\"section\">\n\t\t\t\t\t\t<div class=\"elementor-container elementor-column-gap-default\">\n\t\t\t\t\t<div class=\"elementor-column elementor-col-50 elementor-inner-column elementor-element elementor-element-7a70bbf\" data-id=\"7a70bbf\" data-element_type=\"column\">\n\t\t\t<div class=\"elementor-widget-wrap elementor-element-populated\">\n\t\t\t\t\t\t\t\t<div class=\"elementor-element elementor-element-f50781a elementor-view-stacked elementor-vertical-align-bottom elementor-shape-circle elementor-mobile-position-top elementor-widget elementor-widget-icon-box\" data-id=\"f50781a\" data-element_type=\"widget\" data-widget_type=\"icon-box.default\">\n\t\t\t\t<div class=\"elementor-widget-container\">\n\t\t\t\t\t<div class=\"elementor-icon-box-wrapper\">\n\t\t\t\t\t\t<div class=\"elementor-icon-box-icon\">\n\t\t\t\t<span class=\"elementor-icon elementor-animation-\" >\n\t\t\t\t<i aria-hidden=\"true\" class=\"fas fa-sync-alt\"><\/i>\t\t\t\t<\/span>\n\t\t\t<\/div>\n\t\t\t\t\t\t<div class=\"elementor-icon-box-content\">\n\t\t\t\t<h3 class=\"elementor-icon-box-title\">\n\t\t\t\t\t<span  >\n\t\t\t\t\t\tInteraktion\t\t\t\t\t<\/span>\n\t\t\t\t<\/h3>\n\t\t\t\t\t\t\t\t\t<p class=\"elementor-icon-box-description\">\n\t\t\t\t\t\tMithilfe der Methoden wird ein Umfeld geschaffen, indem alle Teilnehmer*innen miteinbezogen werden und f\u00fcr Dich als Kund*in ein nachhaltiger Mehrwert geschaffen wird.\t\t\t\t\t<\/p>\n\t\t\t\t\t\t\t<\/div>\n\t\t<\/div>\n\t\t\t\t<\/div>\n\t\t\t\t<\/div>\n\t\t\t\t\t<\/div>\n\t\t<\/div>\n\t\t\t\t<div class=\"elementor-column elementor-col-50 elementor-inner-column elementor-element elementor-element-50872ec\" data-id=\"50872ec\" data-element_type=\"column\">\n\t\t\t<div class=\"elementor-widget-wrap elementor-element-populated\">\n\t\t\t\t\t\t\t\t<div class=\"elementor-element elementor-element-8e8dd6f elementor-view-stacked elementor-vertical-align-bottom elementor-shape-circle elementor-mobile-position-top elementor-widget elementor-widget-icon-box\" data-id=\"8e8dd6f\" data-element_type=\"widget\" data-widget_type=\"icon-box.default\">\n\t\t\t\t<div class=\"elementor-widget-container\">\n\t\t\t\t\t<div class=\"elementor-icon-box-wrapper\">\n\t\t\t\t\t\t<div class=\"elementor-icon-box-icon\">\n\t\t\t\t<span class=\"elementor-icon elementor-animation-\" >\n\t\t\t\t<i aria-hidden=\"true\" class=\"fas fa-life-ring\"><\/i>\t\t\t\t<\/span>\n\t\t\t<\/div>\n\t\t\t\t\t\t<div class=\"elementor-icon-box-content\">\n\t\t\t\t<h3 class=\"elementor-icon-box-title\">\n\t\t\t\t\t<span  >\n\t\t\t\t\t\tspeziell auf Dich angepasst\t\t\t\t\t<\/span>\n\t\t\t\t<\/h3>\n\t\t\t\t\t\t\t\t\t<p class=\"elementor-icon-box-description\">\n\t\t\t\t\t\tJedes Training wird in vorheriger Absprache mit Dir direkt an deine Bed\u00fcrfnisse und W\u00fcnsche angepasst, sodass Du das Beste f\u00fcr Dich mitnehmen kannst.\t\t\t\t\t<\/p>\n\t\t\t\t\t\t\t<\/div>\n\t\t<\/div>\n\t\t\t\t<\/div>\n\t\t\t\t<\/div>\n\t\t\t\t\t<\/div>\n\t\t<\/div>\n\t\t\t\t\t\t\t<\/div>\n\t\t<\/section>\n\t\t\t\t\t<\/div>\n\t\t<\/div>\n\t\t\t\t\t\t\t<\/div>\n\t\t<\/section>\n\t\t\t\t\t\t\t<\/div>\n\t\t","protected":false},"excerpt":{"rendered":"<p>Flipchartgestaltung wie Du spielend einfach tolle Visualisierungen erstellen kannst Das Flipchart ist das schnellste und praktischste Pr\u00e4sentationsmedium und ihm sollte viel mehr Aufmerksamkeit gewidmet werden. Durch die Arbeit am Flipchart hast Du die M\u00f6glichkeit, dass Deine Teilnehmer*innen aktiv beim Erstellen des Flipcharts dabei sind, dies live verfolgen k\u00f6nnen und es hilft Dir zus\u00e4tzlich bei der &hellip;<\/p>\n<p class=\"read-more\"> <a class=\"\" href=\"https:\/\/janz-gesund.com\/?page_id=328\"> <span class=\"screen-reader-text\">Flipchartgestaltung<\/span> Weiterlesen &raquo;<\/a><\/p>\n","protected":false},"author":2,"featured_media":0,"parent":0,"menu_order":0,"comment_status":"closed","ping_status":"closed","template":"","meta":{"site-sidebar-layout":"no-sidebar","site-content-layout":"page-builder","ast-main-header-display":"","ast-hfb-above-header-display":"","ast-hfb-below-header-display":"","ast-hfb-mobile-header-display":"","site-post-title":"disabled","ast-breadcrumbs-content":"","ast-featured-img":"disabled","footer-sml-layout":"","theme-transparent-header-meta":"","adv-header-id-meta":"","stick-header-meta":"","header-above-stick-meta":"","header-main-stick-meta":"","header-below-stick-meta":"","footnotes":""},"class_list":["post-328","page","type-page","status-publish","hentry"],"yoast_head":"<!-- This site is optimized with the Yoast SEO plugin v18.4.1 - https:\/\/yoast.com\/wordpress\/plugins\/seo\/ -->\n<title>Flipchartgestaltung -<\/title>\n<meta name=\"robots\" content=\"index, follow, max-snippet:-1, max-image-preview:large, max-video-preview:-1\" \/>\n<link rel=\"canonical\" href=\"https:\/\/janz-gesund.com\/?page_id=328\" \/>\n<meta property=\"og:locale\" content=\"de_DE\" \/>\n<meta property=\"og:type\" content=\"article\" \/>\n<meta property=\"og:title\" content=\"Flipchartgestaltung -\" \/>\n<meta property=\"og:description\" content=\"Flipchartgestaltung wie Du spielend einfach tolle Visualisierungen erstellen kannst Das Flipchart ist das schnellste und praktischste Pr\u00e4sentationsmedium und ihm sollte viel mehr Aufmerksamkeit gewidmet werden. Durch die Arbeit am Flipchart hast Du die M\u00f6glichkeit, dass Deine Teilnehmer*innen aktiv beim Erstellen des Flipcharts dabei sind, dies live verfolgen k\u00f6nnen und es hilft Dir zus\u00e4tzlich bei der &hellip; Flipchartgestaltung Weiterlesen &raquo;\" \/>\n<meta property=\"og:url\" content=\"https:\/\/janz-gesund.com\/?page_id=328\" \/>\n<meta property=\"article:modified_time\" content=\"2022-04-05T15:08:23+00:00\" \/>\n<meta property=\"og:image\" content=\"https:\/\/janz-gesund.com\/wp-content\/uploads\/2022\/04\/713be8ba-c68b-48a8-aa62-dfe775844658-e1648840532329.jpg\" \/>\n<meta name=\"twitter:card\" content=\"summary_large_image\" \/>\n<meta name=\"twitter:label1\" content=\"Gesch\u00e4tzte Lesezeit\" \/>\n\t<meta name=\"twitter:data1\" content=\"3\u00a0Minuten\" \/>\n<script type=\"application\/ld+json\" class=\"yoast-schema-graph\">{\"@context\":\"https:\/\/schema.org\",\"@graph\":[{\"@type\":\"WebSite\",\"@id\":\"https:\/\/janz-gesund.com\/#website\",\"url\":\"https:\/\/janz-gesund.com\/\",\"name\":\"\",\"description\":\"\",\"potentialAction\":[{\"@type\":\"SearchAction\",\"target\":{\"@type\":\"EntryPoint\",\"urlTemplate\":\"https:\/\/janz-gesund.com\/?s={search_term_string}\"},\"query-input\":\"required name=search_term_string\"}],\"inLanguage\":\"de\"},{\"@type\":\"ImageObject\",\"@id\":\"https:\/\/janz-gesund.com\/?page_id=328#primaryimage\",\"inLanguage\":\"de\",\"url\":\"https:\/\/janz-gesund.com\/wp-content\/uploads\/2022\/04\/713be8ba-c68b-48a8-aa62-dfe775844658-e1648840532329.jpg\",\"contentUrl\":\"https:\/\/janz-gesund.com\/wp-content\/uploads\/2022\/04\/713be8ba-c68b-48a8-aa62-dfe775844658-e1648840532329.jpg\",\"width\":711,\"height\":1000},{\"@type\":\"WebPage\",\"@id\":\"https:\/\/janz-gesund.com\/?page_id=328#webpage\",\"url\":\"https:\/\/janz-gesund.com\/?page_id=328\",\"name\":\"Flipchartgestaltung -\",\"isPartOf\":{\"@id\":\"https:\/\/janz-gesund.com\/#website\"},\"primaryImageOfPage\":{\"@id\":\"https:\/\/janz-gesund.com\/?page_id=328#primaryimage\"},\"datePublished\":\"2022-04-05T15:00:44+00:00\",\"dateModified\":\"2022-04-05T15:08:23+00:00\",\"breadcrumb\":{\"@id\":\"https:\/\/janz-gesund.com\/?page_id=328#breadcrumb\"},\"inLanguage\":\"de\",\"potentialAction\":[{\"@type\":\"ReadAction\",\"target\":[\"https:\/\/janz-gesund.com\/?page_id=328\"]}]},{\"@type\":\"BreadcrumbList\",\"@id\":\"https:\/\/janz-gesund.com\/?page_id=328#breadcrumb\",\"itemListElement\":[{\"@type\":\"ListItem\",\"position\":1,\"name\":\"Startseite\",\"item\":\"https:\/\/janz-gesund.com\/\"},{\"@type\":\"ListItem\",\"position\":2,\"name\":\"Flipchartgestaltung\"}]}]}<\/script>\n<!-- \/ Yoast SEO plugin. -->","yoast_head_json":{"title":"Flipchartgestaltung -","robots":{"index":"index","follow":"follow","max-snippet":"max-snippet:-1","max-image-preview":"max-image-preview:large","max-video-preview":"max-video-preview:-1"},"canonical":"https:\/\/janz-gesund.com\/?page_id=328","og_locale":"de_DE","og_type":"article","og_title":"Flipchartgestaltung -","og_description":"Flipchartgestaltung wie Du spielend einfach tolle Visualisierungen erstellen kannst Das Flipchart ist das schnellste und praktischste Pr\u00e4sentationsmedium und ihm sollte viel mehr Aufmerksamkeit gewidmet werden. Durch die Arbeit am Flipchart hast Du die M\u00f6glichkeit, dass Deine Teilnehmer*innen aktiv beim Erstellen des Flipcharts dabei sind, dies live verfolgen k\u00f6nnen und es hilft Dir zus\u00e4tzlich bei der &hellip; Flipchartgestaltung Weiterlesen &raquo;","og_url":"https:\/\/janz-gesund.com\/?page_id=328","article_modified_time":"2022-04-05T15:08:23+00:00","og_image":[{"url":"https:\/\/janz-gesund.com\/wp-content\/uploads\/2022\/04\/713be8ba-c68b-48a8-aa62-dfe775844658-e1648840532329.jpg"}],"twitter_card":"summary_large_image","twitter_misc":{"Gesch\u00e4tzte Lesezeit":"3\u00a0Minuten"},"schema":{"@context":"https:\/\/schema.org","@graph":[{"@type":"WebSite","@id":"https:\/\/janz-gesund.com\/#website","url":"https:\/\/janz-gesund.com\/","name":"","description":"","potentialAction":[{"@type":"SearchAction","target":{"@type":"EntryPoint","urlTemplate":"https:\/\/janz-gesund.com\/?s={search_term_string}"},"query-input":"required name=search_term_string"}],"inLanguage":"de"},{"@type":"ImageObject","@id":"https:\/\/janz-gesund.com\/?page_id=328#primaryimage","inLanguage":"de","url":"https:\/\/janz-gesund.com\/wp-content\/uploads\/2022\/04\/713be8ba-c68b-48a8-aa62-dfe775844658-e1648840532329.jpg","contentUrl":"https:\/\/janz-gesund.com\/wp-content\/uploads\/2022\/04\/713be8ba-c68b-48a8-aa62-dfe775844658-e1648840532329.jpg","width":711,"height":1000},{"@type":"WebPage","@id":"https:\/\/janz-gesund.com\/?page_id=328#webpage","url":"https:\/\/janz-gesund.com\/?page_id=328","name":"Flipchartgestaltung -","isPartOf":{"@id":"https:\/\/janz-gesund.com\/#website"},"primaryImageOfPage":{"@id":"https:\/\/janz-gesund.com\/?page_id=328#primaryimage"},"datePublished":"2022-04-05T15:00:44+00:00","dateModified":"2022-04-05T15:08:23+00:00","breadcrumb":{"@id":"https:\/\/janz-gesund.com\/?page_id=328#breadcrumb"},"inLanguage":"de","potentialAction":[{"@type":"ReadAction","target":["https:\/\/janz-gesund.com\/?page_id=328"]}]},{"@type":"BreadcrumbList","@id":"https:\/\/janz-gesund.com\/?page_id=328#breadcrumb","itemListElement":[{"@type":"ListItem","position":1,"name":"Startseite","item":"https:\/\/janz-gesund.com\/"},{"@type":"ListItem","position":2,"name":"Flipchartgestaltung"}]}]}},"_links":{"self":[{"href":"https:\/\/janz-gesund.com\/index.php?rest_route=\/wp\/v2\/pages\/328","targetHints":{"allow":["GET"]}}],"collection":[{"href":"https:\/\/janz-gesund.com\/index.php?rest_route=\/wp\/v2\/pages"}],"about":[{"href":"https:\/\/janz-gesund.com\/index.php?rest_route=\/wp\/v2\/types\/page"}],"author":[{"embeddable":true,"href":"https:\/\/janz-gesund.com\/index.php?rest_route=\/wp\/v2\/users\/2"}],"replies":[{"embeddable":true,"href":"https:\/\/janz-gesund.com\/index.php?rest_route=%2Fwp%2Fv2%2Fcomments&post=328"}],"version-history":[{"count":20,"href":"https:\/\/janz-gesund.com\/index.php?rest_route=\/wp\/v2\/pages\/328\/revisions"}],"predecessor-version":[{"id":357,"href":"https:\/\/janz-gesund.com\/index.php?rest_route=\/wp\/v2\/pages\/328\/revisions\/357"}],"wp:attachment":[{"href":"https:\/\/janz-gesund.com\/index.php?rest_route=%2Fwp%2Fv2%2Fmedia&parent=328"}],"curies":[{"name":"wp","href":"https:\/\/api.w.org\/{rel}","templated":true}]}}