{"id":316,"date":"2022-04-05T14:54:15","date_gmt":"2022-04-05T14:54:15","guid":{"rendered":"https:\/\/janz-gesund.com\/?page_id=316"},"modified":"2022-04-05T15:09:42","modified_gmt":"2022-04-05T15:09:42","slug":"kommunikation","status":"publish","type":"page","link":"https:\/\/janz-gesund.com\/?page_id=316","title":{"rendered":"Kommunikation"},"content":{"rendered":"\t\t<div data-elementor-type=\"wp-page\" data-elementor-id=\"316\" class=\"elementor elementor-316\">\n\t\t\t\t\t\t\t\t\t<section class=\"elementor-section elementor-top-section elementor-element elementor-element-4b24edb0 elementor-section-height-min-height elementor-section-boxed elementor-section-height-default elementor-section-items-middle\" data-id=\"4b24edb0\" data-element_type=\"section\" data-settings=\"{&quot;background_background&quot;:&quot;classic&quot;}\">\n\t\t\t\t\t\t\t<div class=\"elementor-background-overlay\"><\/div>\n\t\t\t\t\t\t\t<div class=\"elementor-container elementor-column-gap-default\">\n\t\t\t\t\t<div class=\"elementor-column elementor-col-100 elementor-top-column elementor-element elementor-element-303a2f64\" data-id=\"303a2f64\" data-element_type=\"column\">\n\t\t\t<div class=\"elementor-widget-wrap elementor-element-populated\">\n\t\t\t\t\t\t\t\t<div class=\"elementor-element elementor-element-3f1f38e9 elementor-widget elementor-widget-heading\" data-id=\"3f1f38e9\" data-element_type=\"widget\" data-widget_type=\"heading.default\">\n\t\t\t\t<div class=\"elementor-widget-container\">\n\t\t\t<style>\/*! elementor - v3.6.1 - 23-03-2022 *\/\n.elementor-heading-title{padding:0;margin:0;line-height:1}.elementor-widget-heading .elementor-heading-title[class*=elementor-size-]>a{color:inherit;font-size:inherit;line-height:inherit}.elementor-widget-heading .elementor-heading-title.elementor-size-small{font-size:15px}.elementor-widget-heading .elementor-heading-title.elementor-size-medium{font-size:19px}.elementor-widget-heading .elementor-heading-title.elementor-size-large{font-size:29px}.elementor-widget-heading .elementor-heading-title.elementor-size-xl{font-size:39px}.elementor-widget-heading .elementor-heading-title.elementor-size-xxl{font-size:59px}<\/style><h1 class=\"elementor-heading-title elementor-size-default\">Kommunikation<\/h1>\t\t<\/div>\n\t\t\t\t<\/div>\n\t\t\t\t\t<\/div>\n\t\t<\/div>\n\t\t\t\t\t\t\t<\/div>\n\t\t<\/section>\n\t\t\t\t<section class=\"elementor-section elementor-top-section elementor-element elementor-element-07eb4cc elementor-section-boxed elementor-section-height-default elementor-section-height-default\" data-id=\"07eb4cc\" data-element_type=\"section\">\n\t\t\t\t\t\t<div class=\"elementor-container elementor-column-gap-default\">\n\t\t\t\t\t<div class=\"elementor-column elementor-col-50 elementor-top-column elementor-element elementor-element-a3a067d\" data-id=\"a3a067d\" data-element_type=\"column\">\n\t\t\t<div class=\"elementor-widget-wrap elementor-element-populated\">\n\t\t\t\t\t\t\t\t<div class=\"elementor-element elementor-element-292be36 elementor-widget elementor-widget-image\" data-id=\"292be36\" data-element_type=\"widget\" data-widget_type=\"image.default\">\n\t\t\t\t<div class=\"elementor-widget-container\">\n\t\t\t<style>\/*! elementor - v3.6.1 - 23-03-2022 *\/\n.elementor-widget-image{text-align:center}.elementor-widget-image a{display:inline-block}.elementor-widget-image a img[src$=\".svg\"]{width:48px}.elementor-widget-image img{vertical-align:middle;display:inline-block}<\/style>\t\t\t\t\t\t\t\t\t\t\t\t<img loading=\"lazy\" decoding=\"async\" width=\"921\" height=\"1280\" src=\"https:\/\/janz-gesund.com\/wp-content\/uploads\/2022\/04\/tin-can-238488_1920-e1648841884776.jpg\" class=\"attachment-full size-full\" alt=\"\" srcset=\"https:\/\/janz-gesund.com\/wp-content\/uploads\/2022\/04\/tin-can-238488_1920-e1648841884776.jpg 921w, https:\/\/janz-gesund.com\/wp-content\/uploads\/2022\/04\/tin-can-238488_1920-e1648841884776-216x300.jpg 216w, https:\/\/janz-gesund.com\/wp-content\/uploads\/2022\/04\/tin-can-238488_1920-e1648841884776-737x1024.jpg 737w, https:\/\/janz-gesund.com\/wp-content\/uploads\/2022\/04\/tin-can-238488_1920-e1648841884776-768x1067.jpg 768w\" sizes=\"auto, (max-width: 921px) 100vw, 921px\" \/>\t\t\t\t\t\t\t\t\t\t\t\t\t\t\t<\/div>\n\t\t\t\t<\/div>\n\t\t\t\t\t<\/div>\n\t\t<\/div>\n\t\t\t\t<div class=\"elementor-column elementor-col-50 elementor-top-column elementor-element elementor-element-7d5bc2a\" data-id=\"7d5bc2a\" data-element_type=\"column\">\n\t\t\t<div class=\"elementor-widget-wrap elementor-element-populated\">\n\t\t\t\t\t\t\t\t<div class=\"elementor-element elementor-element-032f6ae elementor-widget elementor-widget-heading\" data-id=\"032f6ae\" data-element_type=\"widget\" data-widget_type=\"heading.default\">\n\t\t\t\t<div class=\"elementor-widget-container\">\n\t\t\t<h4 class=\"elementor-heading-title elementor-size-default\">wie wir wertsch\u00e4tzend miteinander kommunizieren<\/h4>\t\t<\/div>\n\t\t\t\t<\/div>\n\t\t\t\t<div class=\"elementor-element elementor-element-d08d37a elementor-widget elementor-widget-text-editor\" data-id=\"d08d37a\" data-element_type=\"widget\" data-widget_type=\"text-editor.default\">\n\t\t\t\t<div class=\"elementor-widget-container\">\n\t\t\t<style>\/*! elementor - v3.6.1 - 23-03-2022 *\/\n.elementor-widget-text-editor.elementor-drop-cap-view-stacked .elementor-drop-cap{background-color:#818a91;color:#fff}.elementor-widget-text-editor.elementor-drop-cap-view-framed .elementor-drop-cap{color:#818a91;border:3px solid;background-color:transparent}.elementor-widget-text-editor:not(.elementor-drop-cap-view-default) .elementor-drop-cap{margin-top:8px}.elementor-widget-text-editor:not(.elementor-drop-cap-view-default) .elementor-drop-cap-letter{width:1em;height:1em}.elementor-widget-text-editor .elementor-drop-cap{float:left;text-align:center;line-height:1;font-size:50px}.elementor-widget-text-editor .elementor-drop-cap-letter{display:inline-block}<\/style>\t\t\t\t<div class=\"page\" title=\"Page 3\"><div class=\"section\"><div class=\"layoutArea\"><div class=\"column\"><p>Immer wieder fa\u0308llt uns auf, dass, wenn wir wertscha\u0308tzend kommunizieren, wir den ein oder anderen Streit vermeiden ko\u0308nnen. Insbesondere in Zeiten von Online-Meetings und Home-Office wird die Kommunikation immer wichtiger und es ist das einzige Medium, wie wir mit den anderen Menschen in Kontakt bleiben ko\u0308nnen.<\/p><p>In diesem Kurs lernst Du, wie Du eben solche Kommunikationsregeln anwenden kannst und wie Du auf Augenho\u0308he kommunizieren kannst, sodass jede*r Dein Anliegen verstehen kann:<\/p><ul><li><p>Kennenlernen<\/p><\/li><li><p>Der erste Eindruck und die Rolle der Ko\u0308rpersprache<\/p><\/li><li><p>Klare und zugewandte Sprache<\/p><\/li><li><p>Positives Formulieren<\/p><\/li><li><p>Botschaften senden<\/p><\/li><li><p>4 Schritte der wertscha\u0308tzenden Kommunikation<\/p><\/li><li><p>Die Kunst des Zuho\u0308rens<\/p><\/li><li><p>Feedback geben<\/p><\/li><li><p>Abschluss<\/p><\/li><\/ul><\/div><\/div><\/div><\/div>\t\t\t\t\t\t<\/div>\n\t\t\t\t<\/div>\n\t\t\t\t<div class=\"elementor-element elementor-element-57dbe21 elementor-widget elementor-widget-button\" data-id=\"57dbe21\" data-element_type=\"widget\" data-widget_type=\"button.default\">\n\t\t\t\t<div class=\"elementor-widget-container\">\n\t\t\t\t\t<div class=\"elementor-button-wrapper\">\n\t\t\t<a href=\"#\" class=\"elementor-button-link elementor-button elementor-size-sm\" role=\"button\">\n\t\t\t\t\t\t<span class=\"elementor-button-content-wrapper\">\n\t\t\t\t\t\t<span class=\"elementor-button-text\">besser kommunizieren<\/span>\n\t\t<\/span>\n\t\t\t\t\t<\/a>\n\t\t<\/div>\n\t\t\t\t<\/div>\n\t\t\t\t<\/div>\n\t\t\t\t\t<\/div>\n\t\t<\/div>\n\t\t\t\t\t\t\t<\/div>\n\t\t<\/section>\n\t\t\t\t<section class=\"elementor-section elementor-top-section elementor-element elementor-element-e396a4b elementor-section-boxed elementor-section-height-default elementor-section-height-default\" data-id=\"e396a4b\" data-element_type=\"section\" data-settings=\"{&quot;background_background&quot;:&quot;classic&quot;}\">\n\t\t\t\t\t\t<div class=\"elementor-container elementor-column-gap-default\">\n\t\t\t\t\t<div class=\"elementor-column elementor-col-50 elementor-top-column elementor-element elementor-element-0fb2616\" data-id=\"0fb2616\" data-element_type=\"column\">\n\t\t\t<div class=\"elementor-widget-wrap elementor-element-populated\">\n\t\t\t\t\t\t\t\t<div class=\"elementor-element elementor-element-8d0aa0e elementor-widget elementor-widget-heading\" data-id=\"8d0aa0e\" data-element_type=\"widget\" data-widget_type=\"heading.default\">\n\t\t\t\t<div class=\"elementor-widget-container\">\n\t\t\t<h4 class=\"elementor-heading-title elementor-size-default\">Warum Janz Gesund<\/h4>\t\t<\/div>\n\t\t\t\t<\/div>\n\t\t\t\t<div class=\"elementor-element elementor-element-9a9989c elementor-widget elementor-widget-text-editor\" data-id=\"9a9989c\" data-element_type=\"widget\" data-widget_type=\"text-editor.default\">\n\t\t\t\t<div class=\"elementor-widget-container\">\n\t\t\t\t\t\t\t<p>Die Trainings sind interaktiv und modular aufgebaut. Du lernst gehirngerecht durch viele Interaktionen, sodass Du selbst viel ausprobieren und somit m\u00f6glichst viel in Erinnerung behalten kannst. Zusammen mit mir und den Teilnehmer*innen erarbeiten wir Themen und interagieren in der Gruppe. Dich erwarten interaktive \u00dcbungen aus der Praxis, interessante Inputs durch mich als Trainerin, Einzel- und Gruppenarbeiten, Diskussionen, ein toller Erfahrungsaustausch, sowie die Anwendung des Erlernten abgestimmt auf Deine eigene Situation.<\/p><p>\u00a0<\/p><ul><li>e-Training<\/li><li>Moderation<\/li><li>Trainerinput<\/li><li>Gruppen\/Kleingruppen und Einzelarbeit<\/li><li>Rollenspiele<\/li><li>Praxis\u00fcbungen\/Fallbeispiele<\/li><li>professionelles Feedback<\/li><li>Diskussionen<\/li><li>Interaktive Methoden<\/li><li>Begeisterung<\/li><li>Leidenschaft<\/li><li>Spa\u00df<\/li><\/ul>\t\t\t\t\t\t<\/div>\n\t\t\t\t<\/div>\n\t\t\t\t\t<\/div>\n\t\t<\/div>\n\t\t\t\t<div class=\"elementor-column elementor-col-50 elementor-top-column elementor-element elementor-element-a0525e2\" data-id=\"a0525e2\" data-element_type=\"column\">\n\t\t\t<div class=\"elementor-widget-wrap elementor-element-populated\">\n\t\t\t\t\t\t\t\t<section class=\"elementor-section elementor-inner-section elementor-element elementor-element-61ff4a3 elementor-hidden-tablet elementor-hidden-mobile elementor-section-content-middle elementor-section-boxed elementor-section-height-default elementor-section-height-default\" data-id=\"61ff4a3\" data-element_type=\"section\">\n\t\t\t\t\t\t<div class=\"elementor-container elementor-column-gap-default\">\n\t\t\t\t\t<div class=\"elementor-column elementor-col-50 elementor-inner-column elementor-element elementor-element-1b9d56e\" data-id=\"1b9d56e\" data-element_type=\"column\">\n\t\t\t<div class=\"elementor-widget-wrap elementor-element-populated\">\n\t\t\t\t\t\t\t\t<div class=\"elementor-element elementor-element-45c494b elementor-view-stacked elementor-vertical-align-bottom elementor-position-top elementor-shape-circle elementor-mobile-position-top elementor-widget elementor-widget-icon-box\" data-id=\"45c494b\" data-element_type=\"widget\" data-widget_type=\"icon-box.default\">\n\t\t\t\t<div class=\"elementor-widget-container\">\n\t\t\t<link rel=\"stylesheet\" href=\"https:\/\/janz-gesund.com\/wp-content\/plugins\/elementor\/assets\/css\/widget-icon-box.min.css\">\t\t<div class=\"elementor-icon-box-wrapper\">\n\t\t\t\t\t\t<div class=\"elementor-icon-box-icon\">\n\t\t\t\t<span class=\"elementor-icon elementor-animation-\" >\n\t\t\t\t<i aria-hidden=\"true\" class=\"fas fa-award\"><\/i>\t\t\t\t<\/span>\n\t\t\t<\/div>\n\t\t\t\t\t\t<div class=\"elementor-icon-box-content\">\n\t\t\t\t<h4 class=\"elementor-icon-box-title\">\n\t\t\t\t\t<span  >\n\t\t\t\t\t\tAusbildung bei der IHK\t\t\t\t\t<\/span>\n\t\t\t\t<\/h4>\n\t\t\t\t\t\t\t\t\t<p class=\"elementor-icon-box-description\">\n\t\t\t\t\t\tBei jedem Training sicherst du Dir sowohl eine zuverl\u00e4ssige und professionelle Planung, als auch eine Umsetzung von A bis Z nach den Standards der IHK.\t\t\t\t\t<\/p>\n\t\t\t\t\t\t\t<\/div>\n\t\t<\/div>\n\t\t\t\t<\/div>\n\t\t\t\t<\/div>\n\t\t\t\t\t<\/div>\n\t\t<\/div>\n\t\t\t\t<div class=\"elementor-column elementor-col-50 elementor-inner-column elementor-element elementor-element-7c04728\" data-id=\"7c04728\" data-element_type=\"column\">\n\t\t\t<div class=\"elementor-widget-wrap elementor-element-populated\">\n\t\t\t\t\t\t\t\t<div class=\"elementor-element elementor-element-932c447 elementor-view-stacked elementor-vertical-align-bottom elementor-shape-circle elementor-mobile-position-top elementor-widget elementor-widget-icon-box\" data-id=\"932c447\" data-element_type=\"widget\" data-widget_type=\"icon-box.default\">\n\t\t\t\t<div class=\"elementor-widget-container\">\n\t\t\t\t\t<div class=\"elementor-icon-box-wrapper\">\n\t\t\t\t\t\t<div class=\"elementor-icon-box-icon\">\n\t\t\t\t<span class=\"elementor-icon elementor-animation-\" >\n\t\t\t\t<i aria-hidden=\"true\" class=\"fas fa-star\"><\/i>\t\t\t\t<\/span>\n\t\t\t<\/div>\n\t\t\t\t\t\t<div class=\"elementor-icon-box-content\">\n\t\t\t\t<h3 class=\"elementor-icon-box-title\">\n\t\t\t\t\t<span  >\n\t\t\t\t\t\tErprobte Konzepte\t\t\t\t\t<\/span>\n\t\t\t\t<\/h3>\n\t\t\t\t\t\t\t\t\t<p class=\"elementor-icon-box-description\">\n\t\t\t\t\t\tDu profitierst von erprobten Trainingskonzepten, die bereits f\u00fcr viele Menschen punktgenau umgesetzt wurden.\n\n\n\t\t\t\t\t<\/p>\n\t\t\t\t\t\t\t<\/div>\n\t\t<\/div>\n\t\t\t\t<\/div>\n\t\t\t\t<\/div>\n\t\t\t\t\t<\/div>\n\t\t<\/div>\n\t\t\t\t\t\t\t<\/div>\n\t\t<\/section>\n\t\t\t\t<section class=\"elementor-section elementor-inner-section elementor-element elementor-element-4db8cb7 elementor-section-content-middle elementor-hidden-tablet elementor-hidden-mobile elementor-section-boxed elementor-section-height-default elementor-section-height-default\" data-id=\"4db8cb7\" data-element_type=\"section\">\n\t\t\t\t\t\t<div class=\"elementor-container elementor-column-gap-default\">\n\t\t\t\t\t<div class=\"elementor-column elementor-col-50 elementor-inner-column elementor-element elementor-element-d015cac\" data-id=\"d015cac\" data-element_type=\"column\">\n\t\t\t<div class=\"elementor-widget-wrap elementor-element-populated\">\n\t\t\t\t\t\t\t\t<div class=\"elementor-element elementor-element-0c848aa elementor-view-stacked elementor-vertical-align-bottom elementor-shape-circle elementor-mobile-position-top elementor-widget elementor-widget-icon-box\" data-id=\"0c848aa\" data-element_type=\"widget\" data-widget_type=\"icon-box.default\">\n\t\t\t\t<div class=\"elementor-widget-container\">\n\t\t\t\t\t<div class=\"elementor-icon-box-wrapper\">\n\t\t\t\t\t\t<div class=\"elementor-icon-box-icon\">\n\t\t\t\t<span class=\"elementor-icon elementor-animation-\" >\n\t\t\t\t<i aria-hidden=\"true\" class=\"fas fa-sync-alt\"><\/i>\t\t\t\t<\/span>\n\t\t\t<\/div>\n\t\t\t\t\t\t<div class=\"elementor-icon-box-content\">\n\t\t\t\t<h3 class=\"elementor-icon-box-title\">\n\t\t\t\t\t<span  >\n\t\t\t\t\t\tInteraktion\t\t\t\t\t<\/span>\n\t\t\t\t<\/h3>\n\t\t\t\t\t\t\t\t\t<p class=\"elementor-icon-box-description\">\n\t\t\t\t\t\tMithilfe der Methoden wird ein Umfeld geschaffen, indem alle Teilnehmer*innen miteinbezogen werden und f\u00fcr Dich als Kund*in ein nachhaltiger Mehrwert geschaffen wird.\t\t\t\t\t<\/p>\n\t\t\t\t\t\t\t<\/div>\n\t\t<\/div>\n\t\t\t\t<\/div>\n\t\t\t\t<\/div>\n\t\t\t\t\t<\/div>\n\t\t<\/div>\n\t\t\t\t<div class=\"elementor-column elementor-col-50 elementor-inner-column elementor-element elementor-element-c93efc0\" data-id=\"c93efc0\" data-element_type=\"column\">\n\t\t\t<div class=\"elementor-widget-wrap elementor-element-populated\">\n\t\t\t\t\t\t\t\t<div class=\"elementor-element elementor-element-6a32811 elementor-view-stacked elementor-vertical-align-bottom elementor-shape-circle elementor-mobile-position-top elementor-widget elementor-widget-icon-box\" data-id=\"6a32811\" data-element_type=\"widget\" data-widget_type=\"icon-box.default\">\n\t\t\t\t<div class=\"elementor-widget-container\">\n\t\t\t\t\t<div class=\"elementor-icon-box-wrapper\">\n\t\t\t\t\t\t<div class=\"elementor-icon-box-icon\">\n\t\t\t\t<span class=\"elementor-icon elementor-animation-\" >\n\t\t\t\t<i aria-hidden=\"true\" class=\"fas fa-life-ring\"><\/i>\t\t\t\t<\/span>\n\t\t\t<\/div>\n\t\t\t\t\t\t<div class=\"elementor-icon-box-content\">\n\t\t\t\t<h3 class=\"elementor-icon-box-title\">\n\t\t\t\t\t<span  >\n\t\t\t\t\t\tspeziell auf Dich angepasst\t\t\t\t\t<\/span>\n\t\t\t\t<\/h3>\n\t\t\t\t\t\t\t\t\t<p class=\"elementor-icon-box-description\">\n\t\t\t\t\t\tJedes Training wird in vorheriger Absprache mit Dir direkt an deine Bed\u00fcrfnisse und W\u00fcnsche angepasst, sodass Du das Beste f\u00fcr Dich mitnehmen kannst.\t\t\t\t\t<\/p>\n\t\t\t\t\t\t\t<\/div>\n\t\t<\/div>\n\t\t\t\t<\/div>\n\t\t\t\t<\/div>\n\t\t\t\t\t<\/div>\n\t\t<\/div>\n\t\t\t\t\t\t\t<\/div>\n\t\t<\/section>\n\t\t\t\t\t<\/div>\n\t\t<\/div>\n\t\t\t\t\t\t\t<\/div>\n\t\t<\/section>\n\t\t\t\t\t\t\t<\/div>\n\t\t","protected":false},"excerpt":{"rendered":"<p>Kommunikation wie wir wertsch\u00e4tzend miteinander kommunizieren Immer wieder fa\u0308llt uns auf, dass, wenn wir wertscha\u0308tzend kommunizieren, wir den ein oder anderen Streit vermeiden ko\u0308nnen. Insbesondere in Zeiten von Online-Meetings und Home-Office wird die Kommunikation immer wichtiger und es ist das einzige Medium, wie wir mit den anderen Menschen in Kontakt bleiben ko\u0308nnen. In diesem Kurs &hellip;<\/p>\n<p class=\"read-more\"> <a class=\"\" href=\"https:\/\/janz-gesund.com\/?page_id=316\"> <span class=\"screen-reader-text\">Kommunikation<\/span> Weiterlesen &raquo;<\/a><\/p>\n","protected":false},"author":2,"featured_media":0,"parent":0,"menu_order":0,"comment_status":"closed","ping_status":"closed","template":"","meta":{"site-sidebar-layout":"no-sidebar","site-content-layout":"page-builder","ast-main-header-display":"","ast-hfb-above-header-display":"","ast-hfb-below-header-display":"","ast-hfb-mobile-header-display":"","site-post-title":"disabled","ast-breadcrumbs-content":"","ast-featured-img":"disabled","footer-sml-layout":"","theme-transparent-header-meta":"","adv-header-id-meta":"","stick-header-meta":"","header-above-stick-meta":"","header-main-stick-meta":"","header-below-stick-meta":"","footnotes":""},"class_list":["post-316","page","type-page","status-publish","hentry"],"yoast_head":"<!-- This site is optimized with the Yoast SEO plugin v18.4.1 - https:\/\/yoast.com\/wordpress\/plugins\/seo\/ -->\n<title>Kommunikation -<\/title>\n<meta name=\"robots\" content=\"index, follow, max-snippet:-1, max-image-preview:large, max-video-preview:-1\" \/>\n<link rel=\"canonical\" href=\"https:\/\/janz-gesund.com\/?page_id=316\" \/>\n<meta property=\"og:locale\" content=\"de_DE\" \/>\n<meta property=\"og:type\" content=\"article\" \/>\n<meta property=\"og:title\" content=\"Kommunikation -\" \/>\n<meta property=\"og:description\" content=\"Kommunikation wie wir wertsch\u00e4tzend miteinander kommunizieren Immer wieder fa\u0308llt uns auf, dass, wenn wir wertscha\u0308tzend kommunizieren, wir den ein oder anderen Streit vermeiden ko\u0308nnen. Insbesondere in Zeiten von Online-Meetings und Home-Office wird die Kommunikation immer wichtiger und es ist das einzige Medium, wie wir mit den anderen Menschen in Kontakt bleiben ko\u0308nnen. In diesem Kurs &hellip; Kommunikation Weiterlesen &raquo;\" \/>\n<meta property=\"og:url\" content=\"https:\/\/janz-gesund.com\/?page_id=316\" \/>\n<meta property=\"article:modified_time\" content=\"2022-04-05T15:09:42+00:00\" \/>\n<meta property=\"og:image\" content=\"https:\/\/janz-gesund.com\/wp-content\/uploads\/2022\/04\/tin-can-238488_1920-e1648841884776.jpg\" \/>\n<meta name=\"twitter:card\" content=\"summary_large_image\" \/>\n<meta name=\"twitter:label1\" content=\"Gesch\u00e4tzte Lesezeit\" \/>\n\t<meta name=\"twitter:data1\" content=\"2\u00a0Minuten\" \/>\n<script type=\"application\/ld+json\" class=\"yoast-schema-graph\">{\"@context\":\"https:\/\/schema.org\",\"@graph\":[{\"@type\":\"WebSite\",\"@id\":\"https:\/\/janz-gesund.com\/#website\",\"url\":\"https:\/\/janz-gesund.com\/\",\"name\":\"\",\"description\":\"\",\"potentialAction\":[{\"@type\":\"SearchAction\",\"target\":{\"@type\":\"EntryPoint\",\"urlTemplate\":\"https:\/\/janz-gesund.com\/?s={search_term_string}\"},\"query-input\":\"required name=search_term_string\"}],\"inLanguage\":\"de\"},{\"@type\":\"ImageObject\",\"@id\":\"https:\/\/janz-gesund.com\/?page_id=316#primaryimage\",\"inLanguage\":\"de\",\"url\":\"https:\/\/janz-gesund.com\/wp-content\/uploads\/2022\/04\/tin-can-238488_1920-e1648841884776.jpg\",\"contentUrl\":\"https:\/\/janz-gesund.com\/wp-content\/uploads\/2022\/04\/tin-can-238488_1920-e1648841884776.jpg\",\"width\":921,\"height\":1280},{\"@type\":\"WebPage\",\"@id\":\"https:\/\/janz-gesund.com\/?page_id=316#webpage\",\"url\":\"https:\/\/janz-gesund.com\/?page_id=316\",\"name\":\"Kommunikation -\",\"isPartOf\":{\"@id\":\"https:\/\/janz-gesund.com\/#website\"},\"primaryImageOfPage\":{\"@id\":\"https:\/\/janz-gesund.com\/?page_id=316#primaryimage\"},\"datePublished\":\"2022-04-05T14:54:15+00:00\",\"dateModified\":\"2022-04-05T15:09:42+00:00\",\"breadcrumb\":{\"@id\":\"https:\/\/janz-gesund.com\/?page_id=316#breadcrumb\"},\"inLanguage\":\"de\",\"potentialAction\":[{\"@type\":\"ReadAction\",\"target\":[\"https:\/\/janz-gesund.com\/?page_id=316\"]}]},{\"@type\":\"BreadcrumbList\",\"@id\":\"https:\/\/janz-gesund.com\/?page_id=316#breadcrumb\",\"itemListElement\":[{\"@type\":\"ListItem\",\"position\":1,\"name\":\"Startseite\",\"item\":\"https:\/\/janz-gesund.com\/\"},{\"@type\":\"ListItem\",\"position\":2,\"name\":\"Kommunikation\"}]}]}<\/script>\n<!-- \/ Yoast SEO plugin. -->","yoast_head_json":{"title":"Kommunikation -","robots":{"index":"index","follow":"follow","max-snippet":"max-snippet:-1","max-image-preview":"max-image-preview:large","max-video-preview":"max-video-preview:-1"},"canonical":"https:\/\/janz-gesund.com\/?page_id=316","og_locale":"de_DE","og_type":"article","og_title":"Kommunikation -","og_description":"Kommunikation wie wir wertsch\u00e4tzend miteinander kommunizieren Immer wieder fa\u0308llt uns auf, dass, wenn wir wertscha\u0308tzend kommunizieren, wir den ein oder anderen Streit vermeiden ko\u0308nnen. Insbesondere in Zeiten von Online-Meetings und Home-Office wird die Kommunikation immer wichtiger und es ist das einzige Medium, wie wir mit den anderen Menschen in Kontakt bleiben ko\u0308nnen. In diesem Kurs &hellip; Kommunikation Weiterlesen &raquo;","og_url":"https:\/\/janz-gesund.com\/?page_id=316","article_modified_time":"2022-04-05T15:09:42+00:00","og_image":[{"url":"https:\/\/janz-gesund.com\/wp-content\/uploads\/2022\/04\/tin-can-238488_1920-e1648841884776.jpg"}],"twitter_card":"summary_large_image","twitter_misc":{"Gesch\u00e4tzte Lesezeit":"2\u00a0Minuten"},"schema":{"@context":"https:\/\/schema.org","@graph":[{"@type":"WebSite","@id":"https:\/\/janz-gesund.com\/#website","url":"https:\/\/janz-gesund.com\/","name":"","description":"","potentialAction":[{"@type":"SearchAction","target":{"@type":"EntryPoint","urlTemplate":"https:\/\/janz-gesund.com\/?s={search_term_string}"},"query-input":"required name=search_term_string"}],"inLanguage":"de"},{"@type":"ImageObject","@id":"https:\/\/janz-gesund.com\/?page_id=316#primaryimage","inLanguage":"de","url":"https:\/\/janz-gesund.com\/wp-content\/uploads\/2022\/04\/tin-can-238488_1920-e1648841884776.jpg","contentUrl":"https:\/\/janz-gesund.com\/wp-content\/uploads\/2022\/04\/tin-can-238488_1920-e1648841884776.jpg","width":921,"height":1280},{"@type":"WebPage","@id":"https:\/\/janz-gesund.com\/?page_id=316#webpage","url":"https:\/\/janz-gesund.com\/?page_id=316","name":"Kommunikation -","isPartOf":{"@id":"https:\/\/janz-gesund.com\/#website"},"primaryImageOfPage":{"@id":"https:\/\/janz-gesund.com\/?page_id=316#primaryimage"},"datePublished":"2022-04-05T14:54:15+00:00","dateModified":"2022-04-05T15:09:42+00:00","breadcrumb":{"@id":"https:\/\/janz-gesund.com\/?page_id=316#breadcrumb"},"inLanguage":"de","potentialAction":[{"@type":"ReadAction","target":["https:\/\/janz-gesund.com\/?page_id=316"]}]},{"@type":"BreadcrumbList","@id":"https:\/\/janz-gesund.com\/?page_id=316#breadcrumb","itemListElement":[{"@type":"ListItem","position":1,"name":"Startseite","item":"https:\/\/janz-gesund.com\/"},{"@type":"ListItem","position":2,"name":"Kommunikation"}]}]}},"_links":{"self":[{"href":"https:\/\/janz-gesund.com\/index.php?rest_route=\/wp\/v2\/pages\/316","targetHints":{"allow":["GET"]}}],"collection":[{"href":"https:\/\/janz-gesund.com\/index.php?rest_route=\/wp\/v2\/pages"}],"about":[{"href":"https:\/\/janz-gesund.com\/index.php?rest_route=\/wp\/v2\/types\/page"}],"author":[{"embeddable":true,"href":"https:\/\/janz-gesund.com\/index.php?rest_route=\/wp\/v2\/users\/2"}],"replies":[{"embeddable":true,"href":"https:\/\/janz-gesund.com\/index.php?rest_route=%2Fwp%2Fv2%2Fcomments&post=316"}],"version-history":[{"count":8,"href":"https:\/\/janz-gesund.com\/index.php?rest_route=\/wp\/v2\/pages\/316\/revisions"}],"predecessor-version":[{"id":360,"href":"https:\/\/janz-gesund.com\/index.php?rest_route=\/wp\/v2\/pages\/316\/revisions\/360"}],"wp:attachment":[{"href":"https:\/\/janz-gesund.com\/index.php?rest_route=%2Fwp%2Fv2%2Fmedia&parent=316"}],"curies":[{"name":"wp","href":"https:\/\/api.w.org\/{rel}","templated":true}]}}