{"id":303,"date":"2022-04-05T14:39:44","date_gmt":"2022-04-05T14:39:44","guid":{"rendered":"https:\/\/janz-gesund.com\/?page_id=303"},"modified":"2022-04-05T15:11:05","modified_gmt":"2022-04-05T15:11:05","slug":"buerohund","status":"publish","type":"page","link":"https:\/\/janz-gesund.com\/?page_id=303","title":{"rendered":"B\u00fcrohund"},"content":{"rendered":"\t\t<div data-elementor-type=\"wp-page\" data-elementor-id=\"303\" class=\"elementor elementor-303\">\n\t\t\t\t\t\t\t\t\t<section class=\"elementor-section elementor-top-section elementor-element elementor-element-39d3508b elementor-section-height-min-height elementor-section-boxed elementor-section-height-default elementor-section-items-middle\" data-id=\"39d3508b\" data-element_type=\"section\" data-settings=\"{&quot;background_background&quot;:&quot;classic&quot;}\">\n\t\t\t\t\t\t\t<div class=\"elementor-background-overlay\"><\/div>\n\t\t\t\t\t\t\t<div class=\"elementor-container elementor-column-gap-default\">\n\t\t\t\t\t<div class=\"elementor-column elementor-col-100 elementor-top-column elementor-element elementor-element-48bf6b2d\" data-id=\"48bf6b2d\" data-element_type=\"column\">\n\t\t\t<div class=\"elementor-widget-wrap elementor-element-populated\">\n\t\t\t\t\t\t\t\t<div class=\"elementor-element elementor-element-1fab6210 elementor-widget elementor-widget-heading\" data-id=\"1fab6210\" data-element_type=\"widget\" data-widget_type=\"heading.default\">\n\t\t\t\t<div class=\"elementor-widget-container\">\n\t\t\t<style>\/*! elementor - v3.6.1 - 23-03-2022 *\/\n.elementor-heading-title{padding:0;margin:0;line-height:1}.elementor-widget-heading .elementor-heading-title[class*=elementor-size-]>a{color:inherit;font-size:inherit;line-height:inherit}.elementor-widget-heading .elementor-heading-title.elementor-size-small{font-size:15px}.elementor-widget-heading .elementor-heading-title.elementor-size-medium{font-size:19px}.elementor-widget-heading .elementor-heading-title.elementor-size-large{font-size:29px}.elementor-widget-heading .elementor-heading-title.elementor-size-xl{font-size:39px}.elementor-widget-heading .elementor-heading-title.elementor-size-xxl{font-size:59px}<\/style><h1 class=\"elementor-heading-title elementor-size-default\">B\u00fcrohund<\/h1>\t\t<\/div>\n\t\t\t\t<\/div>\n\t\t\t\t\t<\/div>\n\t\t<\/div>\n\t\t\t\t\t\t\t<\/div>\n\t\t<\/section>\n\t\t\t\t<section class=\"elementor-section elementor-top-section elementor-element elementor-element-80c6574 elementor-section-boxed elementor-section-height-default elementor-section-height-default\" data-id=\"80c6574\" data-element_type=\"section\">\n\t\t\t\t\t\t<div class=\"elementor-container elementor-column-gap-default\">\n\t\t\t\t\t<div class=\"elementor-column elementor-col-50 elementor-top-column elementor-element elementor-element-dfea566\" data-id=\"dfea566\" data-element_type=\"column\">\n\t\t\t<div class=\"elementor-widget-wrap elementor-element-populated\">\n\t\t\t\t\t\t\t\t<div class=\"elementor-element elementor-element-f9d71ae elementor-widget elementor-widget-image\" data-id=\"f9d71ae\" data-element_type=\"widget\" data-widget_type=\"image.default\">\n\t\t\t\t<div class=\"elementor-widget-container\">\n\t\t\t<style>\/*! elementor - v3.6.1 - 23-03-2022 *\/\n.elementor-widget-image{text-align:center}.elementor-widget-image a{display:inline-block}.elementor-widget-image a img[src$=\".svg\"]{width:48px}.elementor-widget-image img{vertical-align:middle;display:inline-block}<\/style>\t\t\t\t\t\t\t\t\t\t\t\t<img loading=\"lazy\" decoding=\"async\" width=\"1161\" height=\"1641\" src=\"https:\/\/janz-gesund.com\/wp-content\/uploads\/2022\/04\/dog-2983021_1920-e1648841691796.jpg\" class=\"attachment-full size-full\" alt=\"\" srcset=\"https:\/\/janz-gesund.com\/wp-content\/uploads\/2022\/04\/dog-2983021_1920-e1648841691796.jpg 1161w, https:\/\/janz-gesund.com\/wp-content\/uploads\/2022\/04\/dog-2983021_1920-e1648841691796-212x300.jpg 212w, https:\/\/janz-gesund.com\/wp-content\/uploads\/2022\/04\/dog-2983021_1920-e1648841691796-724x1024.jpg 724w, https:\/\/janz-gesund.com\/wp-content\/uploads\/2022\/04\/dog-2983021_1920-e1648841691796-768x1086.jpg 768w, https:\/\/janz-gesund.com\/wp-content\/uploads\/2022\/04\/dog-2983021_1920-e1648841691796-1087x1536.jpg 1087w\" sizes=\"auto, (max-width: 1161px) 100vw, 1161px\" \/>\t\t\t\t\t\t\t\t\t\t\t\t\t\t\t<\/div>\n\t\t\t\t<\/div>\n\t\t\t\t\t<\/div>\n\t\t<\/div>\n\t\t\t\t<div class=\"elementor-column elementor-col-50 elementor-top-column elementor-element elementor-element-726bb6f\" data-id=\"726bb6f\" data-element_type=\"column\">\n\t\t\t<div class=\"elementor-widget-wrap elementor-element-populated\">\n\t\t\t\t\t\t\t\t<div class=\"elementor-element elementor-element-e51596b elementor-widget elementor-widget-heading\" data-id=\"e51596b\" data-element_type=\"widget\" data-widget_type=\"heading.default\">\n\t\t\t\t<div class=\"elementor-widget-container\">\n\t\t\t<h4 class=\"elementor-heading-title elementor-size-default\">wie wir uns die positiven Effekte von B\u00fcrohunden zu nutze machen k\u00f6nnen<\/h4>\t\t<\/div>\n\t\t\t\t<\/div>\n\t\t\t\t<div class=\"elementor-element elementor-element-f890143 elementor-widget elementor-widget-text-editor\" data-id=\"f890143\" data-element_type=\"widget\" data-widget_type=\"text-editor.default\">\n\t\t\t\t<div class=\"elementor-widget-container\">\n\t\t\t<style>\/*! elementor - v3.6.1 - 23-03-2022 *\/\n.elementor-widget-text-editor.elementor-drop-cap-view-stacked .elementor-drop-cap{background-color:#818a91;color:#fff}.elementor-widget-text-editor.elementor-drop-cap-view-framed .elementor-drop-cap{color:#818a91;border:3px solid;background-color:transparent}.elementor-widget-text-editor:not(.elementor-drop-cap-view-default) .elementor-drop-cap{margin-top:8px}.elementor-widget-text-editor:not(.elementor-drop-cap-view-default) .elementor-drop-cap-letter{width:1em;height:1em}.elementor-widget-text-editor .elementor-drop-cap{float:left;text-align:center;line-height:1;font-size:50px}.elementor-widget-text-editor .elementor-drop-cap-letter{display:inline-block}<\/style>\t\t\t\t<p>Ein B\u00fcrohund ist ein Hund, der durch seinen Menschen, unter ad\u00e4quaten Bedingungen, als Teammitglied mit in das B\u00fcro bzw. in eine b\u00fcro\u00e4hnliche Umgebung genommen wird.<\/p><p>B\u00fcrohunde wirken sich positiv auf den Menschen aus und k\u00f6nnen somit nachhaltig die k\u00f6rperliche, wie auch die psychische Gesundheit st\u00e4rken. Dabei beeinflussen sie zudem die lebenswerte und leistungsf\u00e4hige Unternehmenskultur positiv. Dies kann den Unternehmenserfolg st\u00e4rken.<\/p><p>Wichtig ist es hierbei beim Mindest anzusetzen und die menschlichen und emotionalen Reaktionen zu kennen, da zun\u00e4chst jede Ver\u00e4nderung mit Angst verbunden ist. Sobald wir die m\u00f6glichen Landkarten aller beteiligten kennen, k\u00f6nnen wir zielgerichtet daran ansetzen. In 9 Schritten lassen sich B\u00fcrohunde bereits erfolgreich im Unternehmen integrieren.<\/p><p>Was alles bei der Integration von B\u00fcrohunden beachtet werden sollte und welchen Nutzen sie noch bringen, erf\u00e4hrst Du hier.<\/p>\t\t\t\t\t\t<\/div>\n\t\t\t\t<\/div>\n\t\t\t\t<div class=\"elementor-element elementor-element-2e55114 elementor-widget elementor-widget-button\" data-id=\"2e55114\" data-element_type=\"widget\" data-widget_type=\"button.default\">\n\t\t\t\t<div class=\"elementor-widget-container\">\n\t\t\t\t\t<div class=\"elementor-button-wrapper\">\n\t\t\t<a href=\"#\" class=\"elementor-button-link elementor-button elementor-size-sm\" role=\"button\">\n\t\t\t\t\t\t<span class=\"elementor-button-content-wrapper\">\n\t\t\t\t\t\t<span class=\"elementor-button-text\">Helfer*innen auf 4 Pfoten<\/span>\n\t\t<\/span>\n\t\t\t\t\t<\/a>\n\t\t<\/div>\n\t\t\t\t<\/div>\n\t\t\t\t<\/div>\n\t\t\t\t\t<\/div>\n\t\t<\/div>\n\t\t\t\t\t\t\t<\/div>\n\t\t<\/section>\n\t\t\t\t<section class=\"elementor-section elementor-top-section elementor-element elementor-element-05537e4 elementor-section-boxed elementor-section-height-default elementor-section-height-default\" data-id=\"05537e4\" data-element_type=\"section\" data-settings=\"{&quot;background_background&quot;:&quot;classic&quot;}\">\n\t\t\t\t\t\t<div class=\"elementor-container elementor-column-gap-default\">\n\t\t\t\t\t<div class=\"elementor-column elementor-col-50 elementor-top-column elementor-element elementor-element-d79dcef\" data-id=\"d79dcef\" data-element_type=\"column\">\n\t\t\t<div class=\"elementor-widget-wrap elementor-element-populated\">\n\t\t\t\t\t\t\t\t<div class=\"elementor-element elementor-element-8b999e4 elementor-widget elementor-widget-heading\" data-id=\"8b999e4\" data-element_type=\"widget\" data-widget_type=\"heading.default\">\n\t\t\t\t<div class=\"elementor-widget-container\">\n\t\t\t<h4 class=\"elementor-heading-title elementor-size-default\">Warum Janz Gesund<\/h4>\t\t<\/div>\n\t\t\t\t<\/div>\n\t\t\t\t<div class=\"elementor-element elementor-element-baaf102 elementor-widget elementor-widget-text-editor\" data-id=\"baaf102\" data-element_type=\"widget\" data-widget_type=\"text-editor.default\">\n\t\t\t\t<div class=\"elementor-widget-container\">\n\t\t\t\t\t\t\t<p>Die Trainings sind interaktiv und modular aufgebaut. Du lernst gehirngerecht durch viele Interaktionen, sodass Du selbst viel ausprobieren und somit m\u00f6glichst viel in Erinnerung behalten kannst. Zusammen mit mir und den Teilnehmer*innen erarbeiten wir Themen und interagieren in der Gruppe. Dich erwarten interaktive \u00dcbungen aus der Praxis, interessante Inputs durch mich als Trainerin, Einzel- und Gruppenarbeiten, Diskussionen, ein toller Erfahrungsaustausch, sowie die Anwendung des Erlernten abgestimmt auf Deine eigene Situation.<\/p><p>\u00a0<\/p><ul><li>e-Training<\/li><li>Moderation<\/li><li>Trainerinput<\/li><li>Gruppen\/Kleingruppen und Einzelarbeit<\/li><li>Rollenspiele<\/li><li>Praxis\u00fcbungen\/Fallbeispiele<\/li><li>professionelles Feedback<\/li><li>Diskussionen<\/li><li>Interaktive Methoden<\/li><li>Begeisterung<\/li><li>Leidenschaft<\/li><li>Spa\u00df<\/li><\/ul>\t\t\t\t\t\t<\/div>\n\t\t\t\t<\/div>\n\t\t\t\t\t<\/div>\n\t\t<\/div>\n\t\t\t\t<div class=\"elementor-column elementor-col-50 elementor-top-column elementor-element elementor-element-1ccbead\" data-id=\"1ccbead\" data-element_type=\"column\">\n\t\t\t<div class=\"elementor-widget-wrap elementor-element-populated\">\n\t\t\t\t\t\t\t\t<section class=\"elementor-section elementor-inner-section elementor-element elementor-element-7829908 elementor-hidden-tablet elementor-hidden-mobile elementor-section-content-middle elementor-section-boxed elementor-section-height-default elementor-section-height-default\" data-id=\"7829908\" data-element_type=\"section\">\n\t\t\t\t\t\t<div class=\"elementor-container elementor-column-gap-default\">\n\t\t\t\t\t<div class=\"elementor-column elementor-col-50 elementor-inner-column elementor-element elementor-element-0248fd6\" data-id=\"0248fd6\" data-element_type=\"column\">\n\t\t\t<div class=\"elementor-widget-wrap elementor-element-populated\">\n\t\t\t\t\t\t\t\t<div class=\"elementor-element elementor-element-4ff5f3a elementor-view-stacked elementor-vertical-align-bottom elementor-position-top elementor-shape-circle elementor-mobile-position-top elementor-widget elementor-widget-icon-box\" data-id=\"4ff5f3a\" data-element_type=\"widget\" data-widget_type=\"icon-box.default\">\n\t\t\t\t<div class=\"elementor-widget-container\">\n\t\t\t<link rel=\"stylesheet\" href=\"https:\/\/janz-gesund.com\/wp-content\/plugins\/elementor\/assets\/css\/widget-icon-box.min.css\">\t\t<div class=\"elementor-icon-box-wrapper\">\n\t\t\t\t\t\t<div class=\"elementor-icon-box-icon\">\n\t\t\t\t<span class=\"elementor-icon elementor-animation-\" >\n\t\t\t\t<i aria-hidden=\"true\" class=\"fas fa-award\"><\/i>\t\t\t\t<\/span>\n\t\t\t<\/div>\n\t\t\t\t\t\t<div class=\"elementor-icon-box-content\">\n\t\t\t\t<h4 class=\"elementor-icon-box-title\">\n\t\t\t\t\t<span  >\n\t\t\t\t\t\tAusbildung bei der IHK\t\t\t\t\t<\/span>\n\t\t\t\t<\/h4>\n\t\t\t\t\t\t\t\t\t<p class=\"elementor-icon-box-description\">\n\t\t\t\t\t\tBei jedem Training sicherst du Dir sowohl eine zuverl\u00e4ssige und professionelle Planung, als auch eine Umsetzung von A bis Z nach den Standards der IHK.\t\t\t\t\t<\/p>\n\t\t\t\t\t\t\t<\/div>\n\t\t<\/div>\n\t\t\t\t<\/div>\n\t\t\t\t<\/div>\n\t\t\t\t\t<\/div>\n\t\t<\/div>\n\t\t\t\t<div class=\"elementor-column elementor-col-50 elementor-inner-column elementor-element elementor-element-16e7aed\" data-id=\"16e7aed\" data-element_type=\"column\">\n\t\t\t<div class=\"elementor-widget-wrap elementor-element-populated\">\n\t\t\t\t\t\t\t\t<div class=\"elementor-element elementor-element-166724f elementor-view-stacked elementor-vertical-align-bottom elementor-shape-circle elementor-mobile-position-top elementor-widget elementor-widget-icon-box\" data-id=\"166724f\" data-element_type=\"widget\" data-widget_type=\"icon-box.default\">\n\t\t\t\t<div class=\"elementor-widget-container\">\n\t\t\t\t\t<div class=\"elementor-icon-box-wrapper\">\n\t\t\t\t\t\t<div class=\"elementor-icon-box-icon\">\n\t\t\t\t<span class=\"elementor-icon elementor-animation-\" >\n\t\t\t\t<i aria-hidden=\"true\" class=\"fas fa-star\"><\/i>\t\t\t\t<\/span>\n\t\t\t<\/div>\n\t\t\t\t\t\t<div class=\"elementor-icon-box-content\">\n\t\t\t\t<h3 class=\"elementor-icon-box-title\">\n\t\t\t\t\t<span  >\n\t\t\t\t\t\tErprobte Konzepte\t\t\t\t\t<\/span>\n\t\t\t\t<\/h3>\n\t\t\t\t\t\t\t\t\t<p class=\"elementor-icon-box-description\">\n\t\t\t\t\t\tDu profitierst von erprobten Trainingskonzepten, die bereits f\u00fcr viele Menschen punktgenau umgesetzt wurden.\n\n\n\t\t\t\t\t<\/p>\n\t\t\t\t\t\t\t<\/div>\n\t\t<\/div>\n\t\t\t\t<\/div>\n\t\t\t\t<\/div>\n\t\t\t\t\t<\/div>\n\t\t<\/div>\n\t\t\t\t\t\t\t<\/div>\n\t\t<\/section>\n\t\t\t\t<section class=\"elementor-section elementor-inner-section elementor-element elementor-element-b13997d elementor-section-content-middle elementor-hidden-tablet elementor-hidden-mobile elementor-section-boxed elementor-section-height-default elementor-section-height-default\" data-id=\"b13997d\" data-element_type=\"section\">\n\t\t\t\t\t\t<div class=\"elementor-container elementor-column-gap-default\">\n\t\t\t\t\t<div class=\"elementor-column elementor-col-50 elementor-inner-column elementor-element elementor-element-1a2b001\" data-id=\"1a2b001\" data-element_type=\"column\">\n\t\t\t<div class=\"elementor-widget-wrap elementor-element-populated\">\n\t\t\t\t\t\t\t\t<div class=\"elementor-element elementor-element-c62cbdf elementor-view-stacked elementor-vertical-align-bottom elementor-shape-circle elementor-mobile-position-top elementor-widget elementor-widget-icon-box\" data-id=\"c62cbdf\" data-element_type=\"widget\" data-widget_type=\"icon-box.default\">\n\t\t\t\t<div class=\"elementor-widget-container\">\n\t\t\t\t\t<div class=\"elementor-icon-box-wrapper\">\n\t\t\t\t\t\t<div class=\"elementor-icon-box-icon\">\n\t\t\t\t<span class=\"elementor-icon elementor-animation-\" >\n\t\t\t\t<i aria-hidden=\"true\" class=\"fas fa-sync-alt\"><\/i>\t\t\t\t<\/span>\n\t\t\t<\/div>\n\t\t\t\t\t\t<div class=\"elementor-icon-box-content\">\n\t\t\t\t<h3 class=\"elementor-icon-box-title\">\n\t\t\t\t\t<span  >\n\t\t\t\t\t\tInteraktion\t\t\t\t\t<\/span>\n\t\t\t\t<\/h3>\n\t\t\t\t\t\t\t\t\t<p class=\"elementor-icon-box-description\">\n\t\t\t\t\t\tMithilfe der Methoden wird ein Umfeld geschaffen, indem alle Teilnehmer*innen miteinbezogen werden und f\u00fcr Dich als Kund*in ein nachhaltiger Mehrwert geschaffen wird.\t\t\t\t\t<\/p>\n\t\t\t\t\t\t\t<\/div>\n\t\t<\/div>\n\t\t\t\t<\/div>\n\t\t\t\t<\/div>\n\t\t\t\t\t<\/div>\n\t\t<\/div>\n\t\t\t\t<div class=\"elementor-column elementor-col-50 elementor-inner-column elementor-element elementor-element-b1881ca\" data-id=\"b1881ca\" data-element_type=\"column\">\n\t\t\t<div class=\"elementor-widget-wrap elementor-element-populated\">\n\t\t\t\t\t\t\t\t<div class=\"elementor-element elementor-element-c5d8587 elementor-view-stacked elementor-vertical-align-bottom elementor-shape-circle elementor-mobile-position-top elementor-widget elementor-widget-icon-box\" data-id=\"c5d8587\" data-element_type=\"widget\" data-widget_type=\"icon-box.default\">\n\t\t\t\t<div class=\"elementor-widget-container\">\n\t\t\t\t\t<div class=\"elementor-icon-box-wrapper\">\n\t\t\t\t\t\t<div class=\"elementor-icon-box-icon\">\n\t\t\t\t<span class=\"elementor-icon elementor-animation-\" >\n\t\t\t\t<i aria-hidden=\"true\" class=\"fas fa-life-ring\"><\/i>\t\t\t\t<\/span>\n\t\t\t<\/div>\n\t\t\t\t\t\t<div class=\"elementor-icon-box-content\">\n\t\t\t\t<h3 class=\"elementor-icon-box-title\">\n\t\t\t\t\t<span  >\n\t\t\t\t\t\tspeziell auf Dich angepasst\t\t\t\t\t<\/span>\n\t\t\t\t<\/h3>\n\t\t\t\t\t\t\t\t\t<p class=\"elementor-icon-box-description\">\n\t\t\t\t\t\tJedes Training wird in vorheriger Absprache mit Dir direkt an deine Bed\u00fcrfnisse und W\u00fcnsche angepasst, sodass Du das Beste f\u00fcr Dich mitnehmen kannst.\t\t\t\t\t<\/p>\n\t\t\t\t\t\t\t<\/div>\n\t\t<\/div>\n\t\t\t\t<\/div>\n\t\t\t\t<\/div>\n\t\t\t\t\t<\/div>\n\t\t<\/div>\n\t\t\t\t\t\t\t<\/div>\n\t\t<\/section>\n\t\t\t\t\t<\/div>\n\t\t<\/div>\n\t\t\t\t\t\t\t<\/div>\n\t\t<\/section>\n\t\t\t\t\t\t\t<\/div>\n\t\t","protected":false},"excerpt":{"rendered":"<p>B\u00fcrohund wie wir uns die positiven Effekte von B\u00fcrohunden zu nutze machen k\u00f6nnen Ein B\u00fcrohund ist ein Hund, der durch seinen Menschen, unter ad\u00e4quaten Bedingungen, als Teammitglied mit in das B\u00fcro bzw. in eine b\u00fcro\u00e4hnliche Umgebung genommen wird. B\u00fcrohunde wirken sich positiv auf den Menschen aus und k\u00f6nnen somit nachhaltig die k\u00f6rperliche, wie auch die &hellip;<\/p>\n<p class=\"read-more\"> <a class=\"\" href=\"https:\/\/janz-gesund.com\/?page_id=303\"> <span class=\"screen-reader-text\">B\u00fcrohund<\/span> Weiterlesen &raquo;<\/a><\/p>\n","protected":false},"author":2,"featured_media":0,"parent":0,"menu_order":0,"comment_status":"closed","ping_status":"closed","template":"","meta":{"site-sidebar-layout":"no-sidebar","site-content-layout":"page-builder","ast-main-header-display":"","ast-hfb-above-header-display":"","ast-hfb-below-header-display":"","ast-hfb-mobile-header-display":"","site-post-title":"disabled","ast-breadcrumbs-content":"","ast-featured-img":"disabled","footer-sml-layout":"","theme-transparent-header-meta":"","adv-header-id-meta":"","stick-header-meta":"","header-above-stick-meta":"","header-main-stick-meta":"","header-below-stick-meta":"","footnotes":""},"class_list":["post-303","page","type-page","status-publish","hentry"],"yoast_head":"<!-- This site is optimized with the Yoast SEO plugin v18.4.1 - https:\/\/yoast.com\/wordpress\/plugins\/seo\/ -->\n<title>B\u00fcrohund -<\/title>\n<meta name=\"robots\" content=\"index, follow, max-snippet:-1, max-image-preview:large, max-video-preview:-1\" \/>\n<link rel=\"canonical\" href=\"https:\/\/janz-gesund.com\/?page_id=303\" \/>\n<meta property=\"og:locale\" content=\"de_DE\" \/>\n<meta property=\"og:type\" content=\"article\" \/>\n<meta property=\"og:title\" content=\"B\u00fcrohund -\" \/>\n<meta property=\"og:description\" content=\"B\u00fcrohund wie wir uns die positiven Effekte von B\u00fcrohunden zu nutze machen k\u00f6nnen Ein B\u00fcrohund ist ein Hund, der durch seinen Menschen, unter ad\u00e4quaten Bedingungen, als Teammitglied mit in das B\u00fcro bzw. in eine b\u00fcro\u00e4hnliche Umgebung genommen wird. B\u00fcrohunde wirken sich positiv auf den Menschen aus und k\u00f6nnen somit nachhaltig die k\u00f6rperliche, wie auch die &hellip; B\u00fcrohund Weiterlesen &raquo;\" \/>\n<meta property=\"og:url\" content=\"https:\/\/janz-gesund.com\/?page_id=303\" \/>\n<meta property=\"article:modified_time\" content=\"2022-04-05T15:11:05+00:00\" \/>\n<meta property=\"og:image\" content=\"https:\/\/janz-gesund.com\/wp-content\/uploads\/2022\/04\/dog-2983021_1920-e1648841691796.jpg\" \/>\n<meta name=\"twitter:card\" content=\"summary_large_image\" \/>\n<meta name=\"twitter:label1\" content=\"Gesch\u00e4tzte Lesezeit\" \/>\n\t<meta name=\"twitter:data1\" content=\"3\u00a0Minuten\" \/>\n<script type=\"application\/ld+json\" class=\"yoast-schema-graph\">{\"@context\":\"https:\/\/schema.org\",\"@graph\":[{\"@type\":\"WebSite\",\"@id\":\"https:\/\/janz-gesund.com\/#website\",\"url\":\"https:\/\/janz-gesund.com\/\",\"name\":\"\",\"description\":\"\",\"potentialAction\":[{\"@type\":\"SearchAction\",\"target\":{\"@type\":\"EntryPoint\",\"urlTemplate\":\"https:\/\/janz-gesund.com\/?s={search_term_string}\"},\"query-input\":\"required name=search_term_string\"}],\"inLanguage\":\"de\"},{\"@type\":\"ImageObject\",\"@id\":\"https:\/\/janz-gesund.com\/?page_id=303#primaryimage\",\"inLanguage\":\"de\",\"url\":\"https:\/\/janz-gesund.com\/wp-content\/uploads\/2022\/04\/dog-2983021_1920-e1648841691796.jpg\",\"contentUrl\":\"https:\/\/janz-gesund.com\/wp-content\/uploads\/2022\/04\/dog-2983021_1920-e1648841691796.jpg\",\"width\":1161,\"height\":1641},{\"@type\":\"WebPage\",\"@id\":\"https:\/\/janz-gesund.com\/?page_id=303#webpage\",\"url\":\"https:\/\/janz-gesund.com\/?page_id=303\",\"name\":\"B\u00fcrohund -\",\"isPartOf\":{\"@id\":\"https:\/\/janz-gesund.com\/#website\"},\"primaryImageOfPage\":{\"@id\":\"https:\/\/janz-gesund.com\/?page_id=303#primaryimage\"},\"datePublished\":\"2022-04-05T14:39:44+00:00\",\"dateModified\":\"2022-04-05T15:11:05+00:00\",\"breadcrumb\":{\"@id\":\"https:\/\/janz-gesund.com\/?page_id=303#breadcrumb\"},\"inLanguage\":\"de\",\"potentialAction\":[{\"@type\":\"ReadAction\",\"target\":[\"https:\/\/janz-gesund.com\/?page_id=303\"]}]},{\"@type\":\"BreadcrumbList\",\"@id\":\"https:\/\/janz-gesund.com\/?page_id=303#breadcrumb\",\"itemListElement\":[{\"@type\":\"ListItem\",\"position\":1,\"name\":\"Startseite\",\"item\":\"https:\/\/janz-gesund.com\/\"},{\"@type\":\"ListItem\",\"position\":2,\"name\":\"B\u00fcrohund\"}]}]}<\/script>\n<!-- \/ Yoast SEO plugin. -->","yoast_head_json":{"title":"B\u00fcrohund -","robots":{"index":"index","follow":"follow","max-snippet":"max-snippet:-1","max-image-preview":"max-image-preview:large","max-video-preview":"max-video-preview:-1"},"canonical":"https:\/\/janz-gesund.com\/?page_id=303","og_locale":"de_DE","og_type":"article","og_title":"B\u00fcrohund -","og_description":"B\u00fcrohund wie wir uns die positiven Effekte von B\u00fcrohunden zu nutze machen k\u00f6nnen Ein B\u00fcrohund ist ein Hund, der durch seinen Menschen, unter ad\u00e4quaten Bedingungen, als Teammitglied mit in das B\u00fcro bzw. in eine b\u00fcro\u00e4hnliche Umgebung genommen wird. B\u00fcrohunde wirken sich positiv auf den Menschen aus und k\u00f6nnen somit nachhaltig die k\u00f6rperliche, wie auch die &hellip; B\u00fcrohund Weiterlesen &raquo;","og_url":"https:\/\/janz-gesund.com\/?page_id=303","article_modified_time":"2022-04-05T15:11:05+00:00","og_image":[{"url":"https:\/\/janz-gesund.com\/wp-content\/uploads\/2022\/04\/dog-2983021_1920-e1648841691796.jpg"}],"twitter_card":"summary_large_image","twitter_misc":{"Gesch\u00e4tzte Lesezeit":"3\u00a0Minuten"},"schema":{"@context":"https:\/\/schema.org","@graph":[{"@type":"WebSite","@id":"https:\/\/janz-gesund.com\/#website","url":"https:\/\/janz-gesund.com\/","name":"","description":"","potentialAction":[{"@type":"SearchAction","target":{"@type":"EntryPoint","urlTemplate":"https:\/\/janz-gesund.com\/?s={search_term_string}"},"query-input":"required name=search_term_string"}],"inLanguage":"de"},{"@type":"ImageObject","@id":"https:\/\/janz-gesund.com\/?page_id=303#primaryimage","inLanguage":"de","url":"https:\/\/janz-gesund.com\/wp-content\/uploads\/2022\/04\/dog-2983021_1920-e1648841691796.jpg","contentUrl":"https:\/\/janz-gesund.com\/wp-content\/uploads\/2022\/04\/dog-2983021_1920-e1648841691796.jpg","width":1161,"height":1641},{"@type":"WebPage","@id":"https:\/\/janz-gesund.com\/?page_id=303#webpage","url":"https:\/\/janz-gesund.com\/?page_id=303","name":"B\u00fcrohund -","isPartOf":{"@id":"https:\/\/janz-gesund.com\/#website"},"primaryImageOfPage":{"@id":"https:\/\/janz-gesund.com\/?page_id=303#primaryimage"},"datePublished":"2022-04-05T14:39:44+00:00","dateModified":"2022-04-05T15:11:05+00:00","breadcrumb":{"@id":"https:\/\/janz-gesund.com\/?page_id=303#breadcrumb"},"inLanguage":"de","potentialAction":[{"@type":"ReadAction","target":["https:\/\/janz-gesund.com\/?page_id=303"]}]},{"@type":"BreadcrumbList","@id":"https:\/\/janz-gesund.com\/?page_id=303#breadcrumb","itemListElement":[{"@type":"ListItem","position":1,"name":"Startseite","item":"https:\/\/janz-gesund.com\/"},{"@type":"ListItem","position":2,"name":"B\u00fcrohund"}]}]}},"_links":{"self":[{"href":"https:\/\/janz-gesund.com\/index.php?rest_route=\/wp\/v2\/pages\/303","targetHints":{"allow":["GET"]}}],"collection":[{"href":"https:\/\/janz-gesund.com\/index.php?rest_route=\/wp\/v2\/pages"}],"about":[{"href":"https:\/\/janz-gesund.com\/index.php?rest_route=\/wp\/v2\/types\/page"}],"author":[{"embeddable":true,"href":"https:\/\/janz-gesund.com\/index.php?rest_route=\/wp\/v2\/users\/2"}],"replies":[{"embeddable":true,"href":"https:\/\/janz-gesund.com\/index.php?rest_route=%2Fwp%2Fv2%2Fcomments&post=303"}],"version-history":[{"count":14,"href":"https:\/\/janz-gesund.com\/index.php?rest_route=\/wp\/v2\/pages\/303\/revisions"}],"predecessor-version":[{"id":366,"href":"https:\/\/janz-gesund.com\/index.php?rest_route=\/wp\/v2\/pages\/303\/revisions\/366"}],"wp:attachment":[{"href":"https:\/\/janz-gesund.com\/index.php?rest_route=%2Fwp%2Fv2%2Fmedia&parent=303"}],"curies":[{"name":"wp","href":"https:\/\/api.w.org\/{rel}","templated":true}]}}