{"id":266,"date":"2022-04-05T14:03:50","date_gmt":"2022-04-05T14:03:50","guid":{"rendered":"https:\/\/janz-gesund.com\/?page_id=266"},"modified":"2022-04-05T15:13:13","modified_gmt":"2022-04-05T15:13:13","slug":"feelgood-management","status":"publish","type":"page","link":"https:\/\/janz-gesund.com\/?page_id=266","title":{"rendered":"Feelgood Management"},"content":{"rendered":"\t\t<div data-elementor-type=\"wp-page\" data-elementor-id=\"266\" class=\"elementor elementor-266\">\n\t\t\t\t\t\t\t\t\t<section class=\"elementor-section elementor-top-section elementor-element elementor-element-f9s51w7 elementor-section-height-min-height elementor-section-boxed elementor-section-height-default elementor-section-items-middle\" data-id=\"f9s51w7\" data-element_type=\"section\" data-settings=\"{&quot;background_background&quot;:&quot;classic&quot;}\">\n\t\t\t\t\t\t\t<div class=\"elementor-background-overlay\"><\/div>\n\t\t\t\t\t\t\t<div class=\"elementor-container elementor-column-gap-default\">\n\t\t\t\t\t<div class=\"elementor-column elementor-col-100 elementor-top-column elementor-element elementor-element-09faee3\" data-id=\"09faee3\" data-element_type=\"column\">\n\t\t\t<div class=\"elementor-widget-wrap elementor-element-populated\">\n\t\t\t\t\t\t\t\t<div class=\"elementor-element elementor-element-c7152a9 elementor-widget elementor-widget-heading\" data-id=\"c7152a9\" data-element_type=\"widget\" data-widget_type=\"heading.default\">\n\t\t\t\t<div class=\"elementor-widget-container\">\n\t\t\t<style>\/*! elementor - v3.6.1 - 23-03-2022 *\/\n.elementor-heading-title{padding:0;margin:0;line-height:1}.elementor-widget-heading .elementor-heading-title[class*=elementor-size-]>a{color:inherit;font-size:inherit;line-height:inherit}.elementor-widget-heading .elementor-heading-title.elementor-size-small{font-size:15px}.elementor-widget-heading .elementor-heading-title.elementor-size-medium{font-size:19px}.elementor-widget-heading .elementor-heading-title.elementor-size-large{font-size:29px}.elementor-widget-heading .elementor-heading-title.elementor-size-xl{font-size:39px}.elementor-widget-heading .elementor-heading-title.elementor-size-xxl{font-size:59px}<\/style><h1 class=\"elementor-heading-title elementor-size-default\">Feelgood-Management<\/h1>\t\t<\/div>\n\t\t\t\t<\/div>\n\t\t\t\t\t<\/div>\n\t\t<\/div>\n\t\t\t\t\t\t\t<\/div>\n\t\t<\/section>\n\t\t\t\t<section class=\"elementor-section elementor-top-section elementor-element elementor-element-beb8ayu elementor-section-boxed elementor-section-height-default elementor-section-height-default\" data-id=\"beb8ayu\" data-element_type=\"section\">\n\t\t\t\t\t\t<div class=\"elementor-container elementor-column-gap-default\">\n\t\t\t\t\t<div class=\"elementor-column elementor-col-50 elementor-top-column elementor-element elementor-element-f485586\" data-id=\"f485586\" data-element_type=\"column\">\n\t\t\t<div class=\"elementor-widget-wrap elementor-element-populated\">\n\t\t\t\t\t\t\t\t<div class=\"elementor-element elementor-element-b5d284b elementor-widget elementor-widget-image\" data-id=\"b5d284b\" data-element_type=\"widget\" data-widget_type=\"image.default\">\n\t\t\t\t<div class=\"elementor-widget-container\">\n\t\t\t<style>\/*! elementor - v3.6.1 - 23-03-2022 *\/\n.elementor-widget-image{text-align:center}.elementor-widget-image a{display:inline-block}.elementor-widget-image a img[src$=\".svg\"]{width:48px}.elementor-widget-image img{vertical-align:middle;display:inline-block}<\/style>\t\t\t\t\t\t\t\t\t\t\t\t<img loading=\"lazy\" decoding=\"async\" width=\"902\" height=\"1280\" src=\"https:\/\/janz-gesund.com\/wp-content\/uploads\/2022\/04\/smile-5128742_1920-1-e1649077273297.jpg\" class=\"attachment-full size-full\" alt=\"\" \/>\t\t\t\t\t\t\t\t\t\t\t\t\t\t\t<\/div>\n\t\t\t\t<\/div>\n\t\t\t\t\t<\/div>\n\t\t<\/div>\n\t\t\t\t<div class=\"elementor-column elementor-col-50 elementor-top-column elementor-element elementor-element-7d00c84\" data-id=\"7d00c84\" data-element_type=\"column\">\n\t\t\t<div class=\"elementor-widget-wrap elementor-element-populated\">\n\t\t\t\t\t\t\t\t<div class=\"elementor-element elementor-element-8ce1b85 elementor-widget elementor-widget-heading\" data-id=\"8ce1b85\" data-element_type=\"widget\" data-widget_type=\"heading.default\">\n\t\t\t\t<div class=\"elementor-widget-container\">\n\t\t\t<h4 class=\"elementor-heading-title elementor-size-default\">wie sich alle gut f\u00fchlen k\u00f6nnen<\/h4>\t\t<\/div>\n\t\t\t\t<\/div>\n\t\t\t\t<div class=\"elementor-element elementor-element-c31e03f elementor-widget elementor-widget-text-editor\" data-id=\"c31e03f\" data-element_type=\"widget\" data-widget_type=\"text-editor.default\">\n\t\t\t\t<div class=\"elementor-widget-container\">\n\t\t\t<style>\/*! elementor - v3.6.1 - 23-03-2022 *\/\n.elementor-widget-text-editor.elementor-drop-cap-view-stacked .elementor-drop-cap{background-color:#818a91;color:#fff}.elementor-widget-text-editor.elementor-drop-cap-view-framed .elementor-drop-cap{color:#818a91;border:3px solid;background-color:transparent}.elementor-widget-text-editor:not(.elementor-drop-cap-view-default) .elementor-drop-cap{margin-top:8px}.elementor-widget-text-editor:not(.elementor-drop-cap-view-default) .elementor-drop-cap-letter{width:1em;height:1em}.elementor-widget-text-editor .elementor-drop-cap{float:left;text-align:center;line-height:1;font-size:50px}.elementor-widget-text-editor .elementor-drop-cap-letter{display:inline-block}<\/style>\t\t\t\t<p>Beim Feelgood Management (kurz FGM) handelt es sich um einen neuen Ansatz im Personalwesen, der sich vor allem an den Mitarbeiter*innen orientiert. Es geht hierbei um die aktive Verantwortungs\u00fcbernahme f\u00fcr das Wohlbefinden eines jeden Mitarbeiters\/einer jeden Mitarbeiterin. Hierzu z\u00e4hlen s\u00e4mtliche Ma\u00dfnahmen im Unternehmen, die das Wohlergehen aller Mitarbeiter*innen bei gleichzeitiger Verbesserung und Steigerung der Arbeitsleistung unterst\u00fctzen und f\u00f6rdern. Gleichzeitig geht es darum die Balance zu halten.<\/p><p>Ziel ist es deren Bed\u00fcrfnisse und W\u00fcnsche zu beachten und zwischen den Mitarbeiter*innen und den Vorgesetzt*innen als Schnittstelle zu vermitteln. Dies schafft Mitarbeiterbindung und vor allem auch Mitarbeiterzufriedenheit. Dadurch kann schlussendlich auch die Leistung der Mitarbeiter*innen gesteigert werden, was sich positiv auf das Unternehmen auswirkt.<\/p><p>Welche Aufgaben der\/die Feelgood Manager*in in Ihrem Unternehmen \u00fcbernehmen kann, h\u00e4ngt ganz von Ihrem Unternehmen ab. Ich bin mir sicher, wir finden auch f\u00fcr Ihr Unternehmen eine geeignete L\u00f6sung Ihren Mitarbeiter*innen ein gesundes, gl\u00fcckliches und zufriedenes Leben zu erm\u00f6glichen.<\/p><p>Wenn Du dich hierf\u00fcr interessierst, sprich mich gerne an.<\/p><p>Du kannst dir auch gerne meinen Podcast \u201eFeelgood Agency\u201c zum Thema anh\u00f6ren.<\/p>\t\t\t\t\t\t<\/div>\n\t\t\t\t<\/div>\n\t\t\t\t<div class=\"elementor-element elementor-element-c08617b elementor-widget elementor-widget-button\" data-id=\"c08617b\" data-element_type=\"widget\" data-widget_type=\"button.default\">\n\t\t\t\t<div class=\"elementor-widget-container\">\n\t\t\t\t\t<div class=\"elementor-button-wrapper\">\n\t\t\t<a href=\"#\" class=\"elementor-button-link elementor-button elementor-size-sm\" role=\"button\">\n\t\t\t\t\t\t<span class=\"elementor-button-content-wrapper\">\n\t\t\t\t\t\t<span class=\"elementor-button-text\">Sei dabei<\/span>\n\t\t<\/span>\n\t\t\t\t\t<\/a>\n\t\t<\/div>\n\t\t\t\t<\/div>\n\t\t\t\t<\/div>\n\t\t\t\t\t<\/div>\n\t\t<\/div>\n\t\t\t\t\t\t\t<\/div>\n\t\t<\/section>\n\t\t\t\t<section class=\"elementor-section elementor-top-section elementor-element elementor-element-f4620a0 elementor-section-boxed elementor-section-height-default elementor-section-height-default\" data-id=\"f4620a0\" data-element_type=\"section\" data-settings=\"{&quot;background_background&quot;:&quot;classic&quot;}\">\n\t\t\t\t\t\t<div class=\"elementor-container elementor-column-gap-default\">\n\t\t\t\t\t<div class=\"elementor-column elementor-col-50 elementor-top-column elementor-element elementor-element-15ed9e1\" data-id=\"15ed9e1\" data-element_type=\"column\">\n\t\t\t<div class=\"elementor-widget-wrap elementor-element-populated\">\n\t\t\t\t\t\t\t\t<div class=\"elementor-element elementor-element-27dbe04 elementor-widget elementor-widget-heading\" data-id=\"27dbe04\" data-element_type=\"widget\" data-widget_type=\"heading.default\">\n\t\t\t\t<div class=\"elementor-widget-container\">\n\t\t\t<h4 class=\"elementor-heading-title elementor-size-default\">Warum Janz Gesund<\/h4>\t\t<\/div>\n\t\t\t\t<\/div>\n\t\t\t\t<div class=\"elementor-element elementor-element-d827a80 elementor-widget elementor-widget-text-editor\" data-id=\"d827a80\" data-element_type=\"widget\" data-widget_type=\"text-editor.default\">\n\t\t\t\t<div class=\"elementor-widget-container\">\n\t\t\t\t\t\t\t<p>Die Trainings sind interaktiv und modular aufgebaut. Du lernst gehirngerecht durch viele Interaktionen, sodass Du selbst viel ausprobieren und somit m\u00f6glichst viel in Erinnerung behalten kannst. Zusammen mit mir und den Teilnehmer*innen erarbeiten wir Themen und interagieren in der Gruppe. Dich erwarten interaktive \u00dcbungen aus der Praxis, interessante Inputs durch mich als Trainerin, Einzel- und Gruppenarbeiten, Diskussionen, ein toller Erfahrungsaustausch, sowie die Anwendung des Erlernten abgestimmt auf Deine eigene Situation.<\/p><p>\u00a0<\/p><ul><li>e-Training<\/li><li>Moderation<\/li><li>Trainerinput<\/li><li>Gruppen\/Kleingruppen und Einzelarbeit<\/li><li>Rollenspiele<\/li><li>Praxis\u00fcbungen\/Fallbeispiele<\/li><li>professionelles Feedback<\/li><li>Diskussionen<\/li><li>Interaktive Methoden<\/li><li>Begeisterung<\/li><li>Leidenschaft<\/li><li>Spa\u00df<\/li><\/ul>\t\t\t\t\t\t<\/div>\n\t\t\t\t<\/div>\n\t\t\t\t\t<\/div>\n\t\t<\/div>\n\t\t\t\t<div class=\"elementor-column elementor-col-50 elementor-top-column elementor-element elementor-element-088e7f7\" data-id=\"088e7f7\" data-element_type=\"column\">\n\t\t\t<div class=\"elementor-widget-wrap elementor-element-populated\">\n\t\t\t\t\t\t\t\t<section class=\"elementor-section elementor-inner-section elementor-element elementor-element-46365e7 elementor-hidden-tablet elementor-hidden-mobile elementor-section-content-middle elementor-section-boxed elementor-section-height-default elementor-section-height-default\" data-id=\"46365e7\" data-element_type=\"section\">\n\t\t\t\t\t\t<div class=\"elementor-container elementor-column-gap-default\">\n\t\t\t\t\t<div class=\"elementor-column elementor-col-50 elementor-inner-column elementor-element elementor-element-98ed253\" data-id=\"98ed253\" data-element_type=\"column\">\n\t\t\t<div class=\"elementor-widget-wrap elementor-element-populated\">\n\t\t\t\t\t\t\t\t<div class=\"elementor-element elementor-element-954b4a5 elementor-view-stacked elementor-vertical-align-bottom elementor-position-top elementor-shape-circle elementor-mobile-position-top elementor-widget elementor-widget-icon-box\" data-id=\"954b4a5\" data-element_type=\"widget\" data-widget_type=\"icon-box.default\">\n\t\t\t\t<div class=\"elementor-widget-container\">\n\t\t\t<link rel=\"stylesheet\" href=\"https:\/\/janz-gesund.com\/wp-content\/plugins\/elementor\/assets\/css\/widget-icon-box.min.css\">\t\t<div class=\"elementor-icon-box-wrapper\">\n\t\t\t\t\t\t<div class=\"elementor-icon-box-icon\">\n\t\t\t\t<span class=\"elementor-icon elementor-animation-\" >\n\t\t\t\t<i aria-hidden=\"true\" class=\"fas fa-award\"><\/i>\t\t\t\t<\/span>\n\t\t\t<\/div>\n\t\t\t\t\t\t<div class=\"elementor-icon-box-content\">\n\t\t\t\t<h4 class=\"elementor-icon-box-title\">\n\t\t\t\t\t<span  >\n\t\t\t\t\t\tAusbildung bei der IHK\t\t\t\t\t<\/span>\n\t\t\t\t<\/h4>\n\t\t\t\t\t\t\t\t\t<p class=\"elementor-icon-box-description\">\n\t\t\t\t\t\tBei jedem Training sicherst du Dir sowohl eine zuverl\u00e4ssige und professionelle Planung, als auch eine Umsetzung von A bis Z nach den Standards der IHK.\t\t\t\t\t<\/p>\n\t\t\t\t\t\t\t<\/div>\n\t\t<\/div>\n\t\t\t\t<\/div>\n\t\t\t\t<\/div>\n\t\t\t\t\t<\/div>\n\t\t<\/div>\n\t\t\t\t<div class=\"elementor-column elementor-col-50 elementor-inner-column elementor-element elementor-element-67ebb13\" data-id=\"67ebb13\" data-element_type=\"column\">\n\t\t\t<div class=\"elementor-widget-wrap elementor-element-populated\">\n\t\t\t\t\t\t\t\t<div class=\"elementor-element elementor-element-e3da3ef elementor-view-stacked elementor-vertical-align-bottom elementor-shape-circle elementor-mobile-position-top elementor-widget elementor-widget-icon-box\" data-id=\"e3da3ef\" data-element_type=\"widget\" data-widget_type=\"icon-box.default\">\n\t\t\t\t<div class=\"elementor-widget-container\">\n\t\t\t\t\t<div class=\"elementor-icon-box-wrapper\">\n\t\t\t\t\t\t<div class=\"elementor-icon-box-icon\">\n\t\t\t\t<span class=\"elementor-icon elementor-animation-\" >\n\t\t\t\t<i aria-hidden=\"true\" class=\"fas fa-star\"><\/i>\t\t\t\t<\/span>\n\t\t\t<\/div>\n\t\t\t\t\t\t<div class=\"elementor-icon-box-content\">\n\t\t\t\t<h3 class=\"elementor-icon-box-title\">\n\t\t\t\t\t<span  >\n\t\t\t\t\t\tErprobte Konzepte\t\t\t\t\t<\/span>\n\t\t\t\t<\/h3>\n\t\t\t\t\t\t\t\t\t<p class=\"elementor-icon-box-description\">\n\t\t\t\t\t\tDu profitierst von erprobten Trainingskonzepten, die bereits f\u00fcr viele Menschen punktgenau umgesetzt wurden.\n\n\n\t\t\t\t\t<\/p>\n\t\t\t\t\t\t\t<\/div>\n\t\t<\/div>\n\t\t\t\t<\/div>\n\t\t\t\t<\/div>\n\t\t\t\t\t<\/div>\n\t\t<\/div>\n\t\t\t\t\t\t\t<\/div>\n\t\t<\/section>\n\t\t\t\t<section class=\"elementor-section elementor-inner-section elementor-element elementor-element-e3f6c61 elementor-section-content-middle elementor-hidden-tablet elementor-hidden-mobile elementor-section-boxed elementor-section-height-default elementor-section-height-default\" data-id=\"e3f6c61\" data-element_type=\"section\">\n\t\t\t\t\t\t<div class=\"elementor-container elementor-column-gap-default\">\n\t\t\t\t\t<div class=\"elementor-column elementor-col-50 elementor-inner-column elementor-element elementor-element-4508726\" data-id=\"4508726\" data-element_type=\"column\">\n\t\t\t<div class=\"elementor-widget-wrap elementor-element-populated\">\n\t\t\t\t\t\t\t\t<div class=\"elementor-element elementor-element-5412c54 elementor-view-stacked elementor-vertical-align-bottom elementor-shape-circle elementor-mobile-position-top elementor-widget elementor-widget-icon-box\" data-id=\"5412c54\" data-element_type=\"widget\" data-widget_type=\"icon-box.default\">\n\t\t\t\t<div class=\"elementor-widget-container\">\n\t\t\t\t\t<div class=\"elementor-icon-box-wrapper\">\n\t\t\t\t\t\t<div class=\"elementor-icon-box-icon\">\n\t\t\t\t<span class=\"elementor-icon elementor-animation-\" >\n\t\t\t\t<i aria-hidden=\"true\" class=\"fas fa-sync-alt\"><\/i>\t\t\t\t<\/span>\n\t\t\t<\/div>\n\t\t\t\t\t\t<div class=\"elementor-icon-box-content\">\n\t\t\t\t<h3 class=\"elementor-icon-box-title\">\n\t\t\t\t\t<span  >\n\t\t\t\t\t\tInteraktion\t\t\t\t\t<\/span>\n\t\t\t\t<\/h3>\n\t\t\t\t\t\t\t\t\t<p class=\"elementor-icon-box-description\">\n\t\t\t\t\t\tMithilfe der Methoden wird ein Umfeld geschaffen, indem alle Teilnehmer*innen miteinbezogen werden und f\u00fcr Dich als Kund*in ein nachhaltiger Mehrwert geschaffen wird.\t\t\t\t\t<\/p>\n\t\t\t\t\t\t\t<\/div>\n\t\t<\/div>\n\t\t\t\t<\/div>\n\t\t\t\t<\/div>\n\t\t\t\t\t<\/div>\n\t\t<\/div>\n\t\t\t\t<div class=\"elementor-column elementor-col-50 elementor-inner-column elementor-element elementor-element-c178746\" data-id=\"c178746\" data-element_type=\"column\">\n\t\t\t<div class=\"elementor-widget-wrap elementor-element-populated\">\n\t\t\t\t\t\t\t\t<div class=\"elementor-element elementor-element-93b749a elementor-view-stacked elementor-vertical-align-bottom elementor-shape-circle elementor-mobile-position-top elementor-widget elementor-widget-icon-box\" data-id=\"93b749a\" data-element_type=\"widget\" data-widget_type=\"icon-box.default\">\n\t\t\t\t<div class=\"elementor-widget-container\">\n\t\t\t\t\t<div class=\"elementor-icon-box-wrapper\">\n\t\t\t\t\t\t<div class=\"elementor-icon-box-icon\">\n\t\t\t\t<span class=\"elementor-icon elementor-animation-\" >\n\t\t\t\t<i aria-hidden=\"true\" class=\"fas fa-life-ring\"><\/i>\t\t\t\t<\/span>\n\t\t\t<\/div>\n\t\t\t\t\t\t<div class=\"elementor-icon-box-content\">\n\t\t\t\t<h3 class=\"elementor-icon-box-title\">\n\t\t\t\t\t<span  >\n\t\t\t\t\t\tspeziell auf Dich angepasst\t\t\t\t\t<\/span>\n\t\t\t\t<\/h3>\n\t\t\t\t\t\t\t\t\t<p class=\"elementor-icon-box-description\">\n\t\t\t\t\t\tJedes Training wird in vorheriger Absprache mit Dir direkt an deine Bed\u00fcrfnisse und W\u00fcnsche angepasst, sodass Du das Beste f\u00fcr Dich mitnehmen kannst.\t\t\t\t\t<\/p>\n\t\t\t\t\t\t\t<\/div>\n\t\t<\/div>\n\t\t\t\t<\/div>\n\t\t\t\t<\/div>\n\t\t\t\t\t<\/div>\n\t\t<\/div>\n\t\t\t\t\t\t\t<\/div>\n\t\t<\/section>\n\t\t\t\t\t<\/div>\n\t\t<\/div>\n\t\t\t\t\t\t\t<\/div>\n\t\t<\/section>\n\t\t\t\t\t\t\t<\/div>\n\t\t","protected":false},"excerpt":{"rendered":"<p>Feelgood-Management wie sich alle gut f\u00fchlen k\u00f6nnen Beim Feelgood Management (kurz FGM) handelt es sich um einen neuen Ansatz im Personalwesen, der sich vor allem an den Mitarbeiter*innen orientiert. Es geht hierbei um die aktive Verantwortungs\u00fcbernahme f\u00fcr das Wohlbefinden eines jeden Mitarbeiters\/einer jeden Mitarbeiterin. Hierzu z\u00e4hlen s\u00e4mtliche Ma\u00dfnahmen im Unternehmen, die das Wohlergehen aller Mitarbeiter*innen &hellip;<\/p>\n<p class=\"read-more\"> <a class=\"\" href=\"https:\/\/janz-gesund.com\/?page_id=266\"> <span class=\"screen-reader-text\">Feelgood Management<\/span> Weiterlesen &raquo;<\/a><\/p>\n","protected":false},"author":2,"featured_media":0,"parent":0,"menu_order":0,"comment_status":"closed","ping_status":"closed","template":"","meta":{"site-sidebar-layout":"no-sidebar","site-content-layout":"page-builder","ast-main-header-display":"","ast-hfb-above-header-display":"","ast-hfb-below-header-display":"","ast-hfb-mobile-header-display":"","site-post-title":"disabled","ast-breadcrumbs-content":"","ast-featured-img":"disabled","footer-sml-layout":"","theme-transparent-header-meta":"","adv-header-id-meta":"","stick-header-meta":"","header-above-stick-meta":"","header-main-stick-meta":"","header-below-stick-meta":"","footnotes":""},"class_list":["post-266","page","type-page","status-publish","hentry"],"yoast_head":"<!-- This site is optimized with the Yoast SEO plugin v18.4.1 - https:\/\/yoast.com\/wordpress\/plugins\/seo\/ -->\n<title>Feelgood Management -<\/title>\n<meta name=\"robots\" content=\"index, follow, max-snippet:-1, max-image-preview:large, max-video-preview:-1\" \/>\n<link rel=\"canonical\" href=\"https:\/\/janz-gesund.com\/?page_id=266\" \/>\n<meta property=\"og:locale\" content=\"de_DE\" \/>\n<meta property=\"og:type\" content=\"article\" \/>\n<meta property=\"og:title\" content=\"Feelgood Management -\" \/>\n<meta property=\"og:description\" content=\"Feelgood-Management wie sich alle gut f\u00fchlen k\u00f6nnen Beim Feelgood Management (kurz FGM) handelt es sich um einen neuen Ansatz im Personalwesen, der sich vor allem an den Mitarbeiter*innen orientiert. Es geht hierbei um die aktive Verantwortungs\u00fcbernahme f\u00fcr das Wohlbefinden eines jeden Mitarbeiters\/einer jeden Mitarbeiterin. Hierzu z\u00e4hlen s\u00e4mtliche Ma\u00dfnahmen im Unternehmen, die das Wohlergehen aller Mitarbeiter*innen &hellip; Feelgood Management Weiterlesen &raquo;\" \/>\n<meta property=\"og:url\" content=\"https:\/\/janz-gesund.com\/?page_id=266\" \/>\n<meta property=\"article:modified_time\" content=\"2022-04-05T15:13:13+00:00\" \/>\n<meta property=\"og:image\" content=\"https:\/\/janz-gesund.com\/wp-content\/uploads\/2022\/04\/smile-5128742_1920-1-e1649077273297.jpg\" \/>\n<meta name=\"twitter:card\" content=\"summary_large_image\" \/>\n<meta name=\"twitter:label1\" content=\"Gesch\u00e4tzte Lesezeit\" \/>\n\t<meta name=\"twitter:data1\" content=\"3\u00a0Minuten\" \/>\n<script type=\"application\/ld+json\" class=\"yoast-schema-graph\">{\"@context\":\"https:\/\/schema.org\",\"@graph\":[{\"@type\":\"WebSite\",\"@id\":\"https:\/\/janz-gesund.com\/#website\",\"url\":\"https:\/\/janz-gesund.com\/\",\"name\":\"\",\"description\":\"\",\"potentialAction\":[{\"@type\":\"SearchAction\",\"target\":{\"@type\":\"EntryPoint\",\"urlTemplate\":\"https:\/\/janz-gesund.com\/?s={search_term_string}\"},\"query-input\":\"required name=search_term_string\"}],\"inLanguage\":\"de\"},{\"@type\":\"ImageObject\",\"@id\":\"https:\/\/janz-gesund.com\/?page_id=266#primaryimage\",\"inLanguage\":\"de\",\"url\":\"https:\/\/janz-gesund.com\/wp-content\/uploads\/2022\/04\/smile-5128742_1920-1-e1649077273297.jpg\",\"contentUrl\":\"https:\/\/janz-gesund.com\/wp-content\/uploads\/2022\/04\/smile-5128742_1920-1-e1649077273297.jpg\",\"width\":902,\"height\":1280},{\"@type\":\"WebPage\",\"@id\":\"https:\/\/janz-gesund.com\/?page_id=266#webpage\",\"url\":\"https:\/\/janz-gesund.com\/?page_id=266\",\"name\":\"Feelgood Management -\",\"isPartOf\":{\"@id\":\"https:\/\/janz-gesund.com\/#website\"},\"primaryImageOfPage\":{\"@id\":\"https:\/\/janz-gesund.com\/?page_id=266#primaryimage\"},\"datePublished\":\"2022-04-05T14:03:50+00:00\",\"dateModified\":\"2022-04-05T15:13:13+00:00\",\"breadcrumb\":{\"@id\":\"https:\/\/janz-gesund.com\/?page_id=266#breadcrumb\"},\"inLanguage\":\"de\",\"potentialAction\":[{\"@type\":\"ReadAction\",\"target\":[\"https:\/\/janz-gesund.com\/?page_id=266\"]}]},{\"@type\":\"BreadcrumbList\",\"@id\":\"https:\/\/janz-gesund.com\/?page_id=266#breadcrumb\",\"itemListElement\":[{\"@type\":\"ListItem\",\"position\":1,\"name\":\"Startseite\",\"item\":\"https:\/\/janz-gesund.com\/\"},{\"@type\":\"ListItem\",\"position\":2,\"name\":\"Feelgood Management\"}]}]}<\/script>\n<!-- \/ Yoast SEO plugin. -->","yoast_head_json":{"title":"Feelgood Management -","robots":{"index":"index","follow":"follow","max-snippet":"max-snippet:-1","max-image-preview":"max-image-preview:large","max-video-preview":"max-video-preview:-1"},"canonical":"https:\/\/janz-gesund.com\/?page_id=266","og_locale":"de_DE","og_type":"article","og_title":"Feelgood Management -","og_description":"Feelgood-Management wie sich alle gut f\u00fchlen k\u00f6nnen Beim Feelgood Management (kurz FGM) handelt es sich um einen neuen Ansatz im Personalwesen, der sich vor allem an den Mitarbeiter*innen orientiert. Es geht hierbei um die aktive Verantwortungs\u00fcbernahme f\u00fcr das Wohlbefinden eines jeden Mitarbeiters\/einer jeden Mitarbeiterin. Hierzu z\u00e4hlen s\u00e4mtliche Ma\u00dfnahmen im Unternehmen, die das Wohlergehen aller Mitarbeiter*innen &hellip; Feelgood Management Weiterlesen &raquo;","og_url":"https:\/\/janz-gesund.com\/?page_id=266","article_modified_time":"2022-04-05T15:13:13+00:00","og_image":[{"url":"https:\/\/janz-gesund.com\/wp-content\/uploads\/2022\/04\/smile-5128742_1920-1-e1649077273297.jpg"}],"twitter_card":"summary_large_image","twitter_misc":{"Gesch\u00e4tzte Lesezeit":"3\u00a0Minuten"},"schema":{"@context":"https:\/\/schema.org","@graph":[{"@type":"WebSite","@id":"https:\/\/janz-gesund.com\/#website","url":"https:\/\/janz-gesund.com\/","name":"","description":"","potentialAction":[{"@type":"SearchAction","target":{"@type":"EntryPoint","urlTemplate":"https:\/\/janz-gesund.com\/?s={search_term_string}"},"query-input":"required name=search_term_string"}],"inLanguage":"de"},{"@type":"ImageObject","@id":"https:\/\/janz-gesund.com\/?page_id=266#primaryimage","inLanguage":"de","url":"https:\/\/janz-gesund.com\/wp-content\/uploads\/2022\/04\/smile-5128742_1920-1-e1649077273297.jpg","contentUrl":"https:\/\/janz-gesund.com\/wp-content\/uploads\/2022\/04\/smile-5128742_1920-1-e1649077273297.jpg","width":902,"height":1280},{"@type":"WebPage","@id":"https:\/\/janz-gesund.com\/?page_id=266#webpage","url":"https:\/\/janz-gesund.com\/?page_id=266","name":"Feelgood Management -","isPartOf":{"@id":"https:\/\/janz-gesund.com\/#website"},"primaryImageOfPage":{"@id":"https:\/\/janz-gesund.com\/?page_id=266#primaryimage"},"datePublished":"2022-04-05T14:03:50+00:00","dateModified":"2022-04-05T15:13:13+00:00","breadcrumb":{"@id":"https:\/\/janz-gesund.com\/?page_id=266#breadcrumb"},"inLanguage":"de","potentialAction":[{"@type":"ReadAction","target":["https:\/\/janz-gesund.com\/?page_id=266"]}]},{"@type":"BreadcrumbList","@id":"https:\/\/janz-gesund.com\/?page_id=266#breadcrumb","itemListElement":[{"@type":"ListItem","position":1,"name":"Startseite","item":"https:\/\/janz-gesund.com\/"},{"@type":"ListItem","position":2,"name":"Feelgood Management"}]}]}},"_links":{"self":[{"href":"https:\/\/janz-gesund.com\/index.php?rest_route=\/wp\/v2\/pages\/266","targetHints":{"allow":["GET"]}}],"collection":[{"href":"https:\/\/janz-gesund.com\/index.php?rest_route=\/wp\/v2\/pages"}],"about":[{"href":"https:\/\/janz-gesund.com\/index.php?rest_route=\/wp\/v2\/types\/page"}],"author":[{"embeddable":true,"href":"https:\/\/janz-gesund.com\/index.php?rest_route=\/wp\/v2\/users\/2"}],"replies":[{"embeddable":true,"href":"https:\/\/janz-gesund.com\/index.php?rest_route=%2Fwp%2Fv2%2Fcomments&post=266"}],"version-history":[{"count":8,"href":"https:\/\/janz-gesund.com\/index.php?rest_route=\/wp\/v2\/pages\/266\/revisions"}],"predecessor-version":[{"id":372,"href":"https:\/\/janz-gesund.com\/index.php?rest_route=\/wp\/v2\/pages\/266\/revisions\/372"}],"wp:attachment":[{"href":"https:\/\/janz-gesund.com\/index.php?rest_route=%2Fwp%2Fv2%2Fmedia&parent=266"}],"curies":[{"name":"wp","href":"https:\/\/api.w.org\/{rel}","templated":true}]}}